{"id":1122,"date":"2024-11-12T15:34:38","date_gmt":"2024-11-12T15:34:38","guid":{"rendered":"https:\/\/prod.godotetfils.com\/?page_id=1122"},"modified":"2024-11-15T16:25:42","modified_gmt":"2024-11-15T16:25:42","slug":"mentions-legales","status":"publish","type":"page","link":"https:\/\/godotetfils.com\/lausanne\/mentions-legales\/","title":{"rendered":"Mentions l\u00e9gales"},"content":{"rendered":"\t\t<div data-elementor-type=\"wp-page\" data-elementor-id=\"1122\" class=\"elementor elementor-1122\" data-elementor-post-type=\"page\">\n\t\t\t\t<div class=\"elementor-element elementor-element-1bae910 e-flex e-con-boxed e-con e-parent\" data-id=\"1bae910\" data-element_type=\"container\" data-e-type=\"container\" data-settings=\"{&quot;background_background&quot;:&quot;classic&quot;}\">\n\t\t\t\t\t<div class=\"e-con-inner\">\n\t\t\t\t<div class=\"elementor-element elementor-element-8c51eb9 elementor-invisible elementor-widget elementor-widget-heading\" data-id=\"8c51eb9\" data-element_type=\"widget\" data-e-type=\"widget\" data-settings=\"{&quot;_animation&quot;:&quot;fadeInDown&quot;}\" data-widget_type=\"heading.default\">\n\t\t\t\t<div class=\"elementor-widget-container\">\n\t\t\t\t\t<h1 class=\"elementor-heading-title elementor-size-default\">Mentions l\u00e9gales\n<\/h1>\t\t\t\t<\/div>\n\t\t\t\t<\/div>\n\t\t\t\t\t<\/div>\n\t\t\t\t<\/div>\n\t\t<div class=\"elementor-element elementor-element-84fd351 e-flex e-con-boxed e-con e-parent\" data-id=\"84fd351\" data-element_type=\"container\" data-e-type=\"container\">\n\t\t\t\t\t<div class=\"e-con-inner\">\n\t\t\t\t<div class=\"elementor-element elementor-element-2503134 elementor-widget elementor-widget-heading\" data-id=\"2503134\" data-element_type=\"widget\" data-e-type=\"widget\" data-widget_type=\"heading.default\">\n\t\t\t\t<div class=\"elementor-widget-container\">\n\t\t\t\t\t<h3 class=\"elementor-heading-title elementor-size-default\">N\u2019h\u00e9sitez pas \u00e0 poser une question ou \u00e0 simplement laisser un commentaire.\n<\/h3>\t\t\t\t<\/div>\n\t\t\t\t<\/div>\n\t\t\t\t<div class=\"elementor-element elementor-element-5bf554a elementor-button-align-stretch elementor-widget elementor-widget-form\" data-id=\"5bf554a\" data-element_type=\"widget\" data-e-type=\"widget\" data-settings=\"{&quot;step_next_label&quot;:&quot;Suivant&quot;,&quot;step_previous_label&quot;:&quot;Pr\\u00e9c\\u00e9dent&quot;,&quot;button_width&quot;:&quot;100&quot;,&quot;step_type&quot;:&quot;number_text&quot;,&quot;step_icon_shape&quot;:&quot;circle&quot;}\" data-widget_type=\"form.default\">\n\t\t\t\t<div class=\"elementor-widget-container\">\n\t\t\t\t\t\t\t<form class=\"elementor-form\" method=\"post\" name=\"Forma Agence\" aria-label=\"Forma Agence\">\n\t\t\t<input type=\"hidden\" name=\"post_id\" value=\"1122\"\/>\n\t\t\t<input type=\"hidden\" name=\"form_id\" value=\"5bf554a\"\/>\n\t\t\t<input type=\"hidden\" name=\"referer_title\" value=\"Lausanne\" \/>\n\n\t\t\t\n\t\t\t<div class=\"elementor-form-fields-wrapper elementor-labels-above\">\n\t\t\t\t\t\t\t\t<div class=\"elementor-field-type-text elementor-field-group elementor-column elementor-field-group-name elementor-col-25 elementor-field-required elementor-mark-required\">\n\t\t\t\t\t\t\t\t\t\t\t\t<label for=\"form-field-name\" class=\"elementor-field-label\">\n\t\t\t\t\t\t\t\tPr\u00e9nom\t\t\t\t\t\t\t<\/label>\n\t\t\t\t\t\t\t\t\t\t\t\t\t\t<input size=\"1\" type=\"text\" name=\"form_fields[name]\" id=\"form-field-name\" class=\"elementor-field elementor-size-md  elementor-field-textual\" required=\"required\">\n\t\t\t\t\t\t\t\t\t\t\t<\/div>\n\t\t\t\t\t\t\t\t<div class=\"elementor-field-type-text elementor-field-group elementor-column elementor-field-group-email elementor-col-25 elementor-field-required elementor-mark-required\">\n\t\t\t\t\t\t\t\t\t\t\t\t<label for=\"form-field-email\" class=\"elementor-field-label\">\n\t\t\t\t\t\t\t\tNom de famille\t\t\t\t\t\t\t<\/label>\n\t\t\t\t\t\t\t\t\t\t\t\t\t\t<input size=\"1\" type=\"text\" name=\"form_fields[email]\" id=\"form-field-email\" class=\"elementor-field elementor-size-md  elementor-field-textual\" required=\"required\">\n\t\t\t\t\t\t\t\t\t\t\t<\/div>\n\t\t\t\t\t\t\t\t<div class=\"elementor-field-type-tel elementor-field-group elementor-column elementor-field-group-field_62201da elementor-col-25 elementor-field-required elementor-mark-required\">\n\t\t\t\t\t\t\t\t\t\t\t\t<label for=\"form-field-field_62201da\" class=\"elementor-field-label\">\n\t\t\t\t\t\t\t\tNum\u00e9ro de t\u00e9l\u00e9phone\t\t\t\t\t\t\t<\/label>\n\t\t\t\t\t\t\t\t<input size=\"1\" type=\"tel\" name=\"form_fields[field_62201da]\" id=\"form-field-field_62201da\" class=\"elementor-field elementor-size-md  elementor-field-textual\" required=\"required\" pattern=\"[0-9()#&amp;+*-=.]+\" title=\"Seuls les caract\u00e8res de num\u00e9ros de t\u00e9l\u00e9phone (#, -, *, etc.) sont accept\u00e9s.\">\n\n\t\t\t\t\t\t<\/div>\n\t\t\t\t\t\t\t\t<div class=\"elementor-field-type-email elementor-field-group elementor-column elementor-field-group-field_9c41a83 elementor-col-25 elementor-field-required elementor-mark-required\">\n\t\t\t\t\t\t\t\t\t\t\t\t<label for=\"form-field-field_9c41a83\" class=\"elementor-field-label\">\n\t\t\t\t\t\t\t\tAdresse de messagerie\t\t\t\t\t\t\t<\/label>\n\t\t\t\t\t\t\t\t\t\t\t\t\t\t<input size=\"1\" type=\"email\" name=\"form_fields[field_9c41a83]\" id=\"form-field-field_9c41a83\" class=\"elementor-field elementor-size-md  elementor-field-textual\" required=\"required\">\n\t\t\t\t\t\t\t\t\t\t\t<\/div>\n\t\t\t\t\t\t\t\t<div class=\"elementor-field-type-textarea elementor-field-group elementor-column elementor-field-group-message elementor-col-100 elementor-field-required elementor-mark-required\">\n\t\t\t\t\t\t\t\t\t\t\t\t<label for=\"form-field-message\" class=\"elementor-field-label\">\n\t\t\t\t\t\t\t\tCommentaires\/questions\t\t\t\t\t\t\t<\/label>\n\t\t\t\t\t\t<textarea class=\"elementor-field-textual elementor-field  elementor-size-md\" name=\"form_fields[message]\" id=\"form-field-message\" rows=\"4\" required=\"required\"><\/textarea>\t\t\t\t<\/div>\n\t\t\t\t\t\t\t\t<div class=\"elementor-field-group elementor-column elementor-field-type-submit elementor-col-100 e-form__buttons\">\n\t\t\t\t\t<button class=\"elementor-button elementor-size-sm\" type=\"submit\">\n\t\t\t\t\t\t<span class=\"elementor-button-content-wrapper\">\n\t\t\t\t\t\t\t\t\t\t\t\t\t\t\t\t\t\t\t\t\t\t<span class=\"elementor-button-text\">ENVOYER LE MESSAGE<\/span>\n\t\t\t\t\t\t\t\t\t\t\t\t\t<\/span>\n\t\t\t\t\t<\/button>\n\t\t\t\t<\/div>\n\t\t\t<\/div>\n\t\t<\/form>\n\t\t\t\t\t\t<\/div>\n\t\t\t\t<\/div>\n\t\t\t\t\t<\/div>\n\t\t\t\t<\/div>\n\t\t<div class=\"elementor-element elementor-element-cef055b e-flex e-con-boxed e-con e-parent\" data-id=\"cef055b\" data-element_type=\"container\" data-e-type=\"container\">\n\t\t\t\t\t<div class=\"e-con-inner\">\n\t\t\t\t\t<\/div>\n\t\t\t\t<\/div>\n\t\t\t\t<\/div>\n\t\t","protected":false},"excerpt":{"rendered":"<p>Mentions l\u00e9gales \u00a0, \u00a0Le Si\u00e8ge social est situ\u00e9 au \u00a0 CREATEUR ET EDITEUR Ce site a \u00e9t\u00e9 cr\u00e9\u00e9 et est \u00e9dit\u00e9 par Godot et Fils\u00a9 RESPONSABLE DES CONTENUS Godot et Fils \u00a9 est en charge de la mise \u00e0 jour des contenus dynamiques et de la r\u00e9daction des contenus statiques. Donn\u00e9es personnelles Les donn\u00e9es personnelles [&hellip;]<\/p>\n","protected":false},"author":1,"featured_media":0,"parent":0,"menu_order":0,"comment_status":"closed","ping_status":"closed","template":"elementor_header_footer","meta":{"_acf_changed":false,"footnotes":""},"class_list":["post-1122","page","type-page","status-publish","hentry"],"acf":[],"yoast_head":"<!-- This site is optimized with the Yoast SEO plugin v23.9 - https:\/\/yoast.com\/wordpress\/plugins\/seo\/ -->\n<title>Mentions l\u00e9gales - Agence Godot &amp; Fils \u00e0 Lausanne<\/title>\n<meta name=\"description\" content=\"Retrouvez toutes les informations l\u00e9gales : identit\u00e9, responsabilit\u00e9s, conditions d\u2019utilisation et protections li\u00e9es \u00e0 notre site sur cette page.\" \/>\n<meta name=\"robots\" content=\"index, follow, max-snippet:-1, max-image-preview:large, max-video-preview:-1\" \/>\n<link rel=\"canonical\" href=\"https:\/\/godotetfils.com\/lausanne\/mentions-legales\/\" \/>\n<meta property=\"og:locale\" content=\"fr_FR\" \/>\n<meta property=\"og:type\" content=\"article\" \/>\n<meta property=\"og:title\" content=\"Mentions l\u00e9gales - Agence Godot &amp; Fils \u00e0 Lausanne\" \/>\n<meta property=\"og:description\" content=\"Retrouvez toutes les informations l\u00e9gales : identit\u00e9, responsabilit\u00e9s, conditions d\u2019utilisation et protections li\u00e9es \u00e0 notre site sur cette page.\" \/>\n<meta property=\"og:url\" content=\"https:\/\/godotetfils.com\/lausanne\/mentions-legales\/\" \/>\n<meta property=\"og:site_name\" content=\"Lausanne\" \/>\n<meta property=\"article:modified_time\" content=\"2024-11-15T16:25:42+00:00\" \/>\n<meta name=\"twitter:card\" content=\"summary_large_image\" \/>\n<meta name=\"twitter:label1\" content=\"Dur\u00e9e de lecture estim\u00e9e\" \/>\n\t<meta name=\"twitter:data1\" content=\"2 minutes\" \/>\n<script type=\"application\/ld+json\" class=\"yoast-schema-graph\">{\"@context\":\"https:\/\/schema.org\",\"@graph\":[{\"@type\":\"WebPage\",\"@id\":\"https:\/\/godotetfils.com\/lausanne\/mentions-legales\/\",\"url\":\"https:\/\/godotetfils.com\/lausanne\/mentions-legales\/\",\"name\":\"Mentions l\u00e9gales - Agence Godot & Fils \u00e0 Lausanne\",\"isPartOf\":{\"@id\":\"https:\/\/godotetfils.com\/lausanne\/#website\"},\"datePublished\":\"2024-11-12T15:34:38+00:00\",\"dateModified\":\"2024-11-15T16:25:42+00:00\",\"description\":\"Retrouvez toutes les informations l\u00e9gales : identit\u00e9, responsabilit\u00e9s, conditions d\u2019utilisation et protections li\u00e9es \u00e0 notre site sur cette page.\",\"breadcrumb\":{\"@id\":\"https:\/\/godotetfils.com\/lausanne\/mentions-legales\/#breadcrumb\"},\"inLanguage\":\"fr-FR\",\"potentialAction\":[{\"@type\":\"ReadAction\",\"target\":[\"https:\/\/godotetfils.com\/lausanne\/mentions-legales\/\"]}]},{\"@type\":\"BreadcrumbList\",\"@id\":\"https:\/\/godotetfils.com\/lausanne\/mentions-legales\/#breadcrumb\",\"itemListElement\":[{\"@type\":\"ListItem\",\"position\":1,\"name\":\"Accueil\",\"item\":\"https:\/\/godotetfils.com\/lausanne\/\"},{\"@type\":\"ListItem\",\"position\":2,\"name\":\"Mentions l\u00e9gales\"}]},{\"@type\":\"WebSite\",\"@id\":\"https:\/\/godotetfils.com\/lausanne\/#website\",\"url\":\"https:\/\/godotetfils.com\/lausanne\/\",\"name\":\"Lausanne\",\"description\":\"\",\"publisher\":{\"@id\":\"https:\/\/godotetfils.com\/lausanne\/#organization\"},\"potentialAction\":[{\"@type\":\"SearchAction\",\"target\":{\"@type\":\"EntryPoint\",\"urlTemplate\":\"https:\/\/godotetfils.com\/lausanne\/?s={search_term_string}\"},\"query-input\":{\"@type\":\"PropertyValueSpecification\",\"valueRequired\":true,\"valueName\":\"search_term_string\"}}],\"inLanguage\":\"fr-FR\"},{\"@type\":\"Organization\",\"@id\":\"https:\/\/godotetfils.com\/lausanne\/#organization\",\"name\":\"Lausanne\",\"url\":\"https:\/\/godotetfils.com\/lausanne\/\",\"logo\":{\"@type\":\"ImageObject\",\"inLanguage\":\"fr-FR\",\"@id\":\"https:\/\/godotetfils.com\/lausanne\/#\/schema\/logo\/image\/\",\"url\":\"https:\/\/godotetfils.com\/lausanne\/wp-content\/uploads\/sites\/151\/2024\/11\/godot-et-fils-logo-noir-1.png\",\"contentUrl\":\"https:\/\/godotetfils.com\/lausanne\/wp-content\/uploads\/sites\/151\/2024\/11\/godot-et-fils-logo-noir-1.png\",\"width\":350,\"height\":72,\"caption\":\"Lausanne\"},\"image\":{\"@id\":\"https:\/\/godotetfils.com\/lausanne\/#\/schema\/logo\/image\/\"}}]}<\/script>\n<!-- \/ Yoast SEO plugin. -->","yoast_head_json":{"title":"Mentions l\u00e9gales - Agence Godot & Fils \u00e0 Lausanne","description":"Retrouvez toutes les informations l\u00e9gales : identit\u00e9, responsabilit\u00e9s, conditions d\u2019utilisation et protections li\u00e9es \u00e0 notre site sur cette page.","robots":{"index":"index","follow":"follow","max-snippet":"max-snippet:-1","max-image-preview":"max-image-preview:large","max-video-preview":"max-video-preview:-1"},"canonical":"https:\/\/godotetfils.com\/lausanne\/mentions-legales\/","og_locale":"fr_FR","og_type":"article","og_title":"Mentions l\u00e9gales - Agence Godot & Fils \u00e0 Lausanne","og_description":"Retrouvez toutes les informations l\u00e9gales : identit\u00e9, responsabilit\u00e9s, conditions d\u2019utilisation et protections li\u00e9es \u00e0 notre site sur cette page.","og_url":"https:\/\/godotetfils.com\/lausanne\/mentions-legales\/","og_site_name":"Lausanne","article_modified_time":"2024-11-15T16:25:42+00:00","twitter_card":"summary_large_image","twitter_misc":{"Dur\u00e9e de lecture estim\u00e9e":"2 minutes"},"schema":{"@context":"https:\/\/schema.org","@graph":[{"@type":"WebPage","@id":"https:\/\/godotetfils.com\/lausanne\/mentions-legales\/","url":"https:\/\/godotetfils.com\/lausanne\/mentions-legales\/","name":"Mentions l\u00e9gales - Agence Godot & Fils \u00e0 Lausanne","isPartOf":{"@id":"https:\/\/godotetfils.com\/lausanne\/#website"},"datePublished":"2024-11-12T15:34:38+00:00","dateModified":"2024-11-15T16:25:42+00:00","description":"Retrouvez toutes les informations l\u00e9gales : identit\u00e9, responsabilit\u00e9s, conditions d\u2019utilisation et protections li\u00e9es \u00e0 notre site sur cette page.","breadcrumb":{"@id":"https:\/\/godotetfils.com\/lausanne\/mentions-legales\/#breadcrumb"},"inLanguage":"fr-FR","potentialAction":[{"@type":"ReadAction","target":["https:\/\/godotetfils.com\/lausanne\/mentions-legales\/"]}]},{"@type":"BreadcrumbList","@id":"https:\/\/godotetfils.com\/lausanne\/mentions-legales\/#breadcrumb","itemListElement":[{"@type":"ListItem","position":1,"name":"Accueil","item":"https:\/\/godotetfils.com\/lausanne\/"},{"@type":"ListItem","position":2,"name":"Mentions l\u00e9gales"}]},{"@type":"WebSite","@id":"https:\/\/godotetfils.com\/lausanne\/#website","url":"https:\/\/godotetfils.com\/lausanne\/","name":"Lausanne","description":"","publisher":{"@id":"https:\/\/godotetfils.com\/lausanne\/#organization"},"potentialAction":[{"@type":"SearchAction","target":{"@type":"EntryPoint","urlTemplate":"https:\/\/godotetfils.com\/lausanne\/?s={search_term_string}"},"query-input":{"@type":"PropertyValueSpecification","valueRequired":true,"valueName":"search_term_string"}}],"inLanguage":"fr-FR"},{"@type":"Organization","@id":"https:\/\/godotetfils.com\/lausanne\/#organization","name":"Lausanne","url":"https:\/\/godotetfils.com\/lausanne\/","logo":{"@type":"ImageObject","inLanguage":"fr-FR","@id":"https:\/\/godotetfils.com\/lausanne\/#\/schema\/logo\/image\/","url":"https:\/\/godotetfils.com\/lausanne\/wp-content\/uploads\/sites\/151\/2024\/11\/godot-et-fils-logo-noir-1.png","contentUrl":"https:\/\/godotetfils.com\/lausanne\/wp-content\/uploads\/sites\/151\/2024\/11\/godot-et-fils-logo-noir-1.png","width":350,"height":72,"caption":"Lausanne"},"image":{"@id":"https:\/\/godotetfils.com\/lausanne\/#\/schema\/logo\/image\/"}}]}},"_links":{"self":[{"href":"https:\/\/godotetfils.com\/lausanne\/wp-json\/wp\/v2\/pages\/1122","targetHints":{"allow":["GET"]}}],"collection":[{"href":"https:\/\/godotetfils.com\/lausanne\/wp-json\/wp\/v2\/pages"}],"about":[{"href":"https:\/\/godotetfils.com\/lausanne\/wp-json\/wp\/v2\/types\/page"}],"author":[{"embeddable":true,"href":"https:\/\/godotetfils.com\/lausanne\/wp-json\/wp\/v2\/users\/1"}],"replies":[{"embeddable":true,"href":"https:\/\/godotetfils.com\/lausanne\/wp-json\/wp\/v2\/comments?post=1122"}],"version-history":[{"count":25,"href":"https:\/\/godotetfils.com\/lausanne\/wp-json\/wp\/v2\/pages\/1122\/revisions"}],"predecessor-version":[{"id":1148,"href":"https:\/\/godotetfils.com\/lausanne\/wp-json\/wp\/v2\/pages\/1122\/revisions\/1148"}],"wp:attachment":[{"href":"https:\/\/godotetfils.com\/lausanne\/wp-json\/wp\/v2\/media?parent=1122"}],"curies":[{"name":"wp","href":"https:\/\/api.w.org\/{rel}","templated":true}]}}