{"id":1149,"date":"2024-11-12T15:45:50","date_gmt":"2024-11-12T15:45:50","guid":{"rendered":"https:\/\/prod.godotetfils.com\/?page_id=1149"},"modified":"2024-11-15T16:17:31","modified_gmt":"2024-11-15T16:17:31","slug":"cookies","status":"publish","type":"page","link":"https:\/\/godotetfils.com\/lausanne\/cookies\/","title":{"rendered":"Cookies"},"content":{"rendered":"\t\t<div data-elementor-type=\"wp-page\" data-elementor-id=\"1149\" class=\"elementor elementor-1149\" data-elementor-post-type=\"page\">\n\t\t\t\t<div class=\"elementor-element elementor-element-1bae910 e-flex e-con-boxed e-con e-parent\" data-id=\"1bae910\" data-element_type=\"container\" data-e-type=\"container\" data-settings=\"{&quot;background_background&quot;:&quot;classic&quot;}\">\n\t\t\t\t\t<div class=\"e-con-inner\">\n\t\t\t\t<div class=\"elementor-element elementor-element-8c51eb9 elementor-invisible elementor-widget elementor-widget-heading\" data-id=\"8c51eb9\" data-element_type=\"widget\" data-e-type=\"widget\" data-settings=\"{&quot;_animation&quot;:&quot;fadeInDown&quot;}\" data-widget_type=\"heading.default\">\n\t\t\t\t<div class=\"elementor-widget-container\">\n\t\t\t\t\t<h1 class=\"elementor-heading-title elementor-size-default\">Cookies\n<\/h1>\t\t\t\t<\/div>\n\t\t\t\t<\/div>\n\t\t\t\t\t<\/div>\n\t\t\t\t<\/div>\n\t\t<div class=\"elementor-element elementor-element-cef055b e-flex e-con-boxed e-con e-parent\" data-id=\"cef055b\" data-element_type=\"container\" data-e-type=\"container\">\n\t\t\t\t\t<div class=\"e-con-inner\">\n\t\t\t\t<div class=\"elementor-element elementor-element-ae30edf elementor-widget elementor-widget-text-editor\" data-id=\"ae30edf\" data-element_type=\"widget\" data-e-type=\"widget\" data-widget_type=\"text-editor.default\">\n\t\t\t\t<div class=\"elementor-widget-container\">\n\t\t\t\t\t\t\t\t\t<p>Lorsque vous visitez plusieurs fois votre site web pr\u00e9f\u00e9r\u00e9, vous appr\u00e9ciez que ce site web vous reconnaisse, qu\u2019il vous affiche des messages de bienvenue personnalis\u00e9s, qu\u2019il se souvienne de vos pr\u00e9c\u00e9dentes visites.<\/p>\n<p>Comment un site web est-il capable de vous reconna\u00eetre ? Tout simplement en ayant recours aux cookies.<\/p>\n<h2>Qu\u2019est-ce qu\u2019un cookie ?<\/h2>\n<p>Un cookie est un petit fichier texte d\u00e9pos\u00e9 sur votre disque dur par le serveur du site que vous visitez.<\/p>\n<p>Il contient quelques donn\u00e9es, notamment :<\/p>\n<ul>\n<li>le nom du serveur qui l\u2019a \u00e9crit;<\/li>\n<li>le plus souvent un identifiant sous forme de N\u00b0 unique;<\/li>\n<li>\u00e9ventuellement une date d\u2019expiration.<\/li>\n<\/ul>\n<p>Ces informations sont stock\u00e9es sur votre ordinateur dans un simple fichier texte auquel un serveur acc\u00e8de pour lire et enregistrer des informations.<\/p>\n<p>Un cookie est obligatoirement rattach\u00e9 \u00e0 un nom de domaine unique (celui du serveur qui l\u2019a d\u00e9pos\u00e9) de telle sorte que seule une requ\u00eate provenant du m\u00eame serveur pourra y acc\u00e9der.<\/p>\n<p>Un navigateur internet doit pouvoir stocker environ 300 cookies, dont 20 maximum pour un m\u00eame serveur, chaque cookie pouvant atteindre jusqu\u2019\u00e0 4000 octets (env. 4 Ko).<\/p>\n<h2>Qui peut \u00e9crire et lire les cookies?<\/h2>\n<p>Un site internet peut uniquement relire et \u00e9crire les cookies qui lui appartiennent.<br>Un cookie contient au minimum un identifiant unique, identifiant conserv\u00e9 dans une base de donn\u00e9es au niveau du serveur. Cet identifiant permet \u00e0 un site web de reconna\u00eetre votre ordinateur \u00e0 chaque visite.<\/p>\n<p>En outre, il faut \u00eatre conscient qu\u2019une page sur internet est souvent une agr\u00e9gation d\u2019informations issues de diff\u00e9rents sites, notamment via les bandeaux publicitaires. De ce fait des cookies peuvent \u00eatre d\u00e9pos\u00e9s et relus par des sites autres que celui auquel vous acc\u00e9dez directement\u2026<br>Vous pouvez d\u00e9sactiver l\u2019utilisation de cookies en s\u00e9lectionnant les param\u00e8tres appropri\u00e9s de votre navigateur. Cependant, une telle d\u00e9sactivation pourrait emp\u00eacher l\u2019utilisation de certaines fonctionnalit\u00e9s de ce site.<\/p>\n<h2>Comment autoriser ou interdire les cookies ?<\/h2>\n<p>Comment param\u00e9trer son navigateur pour accepter ou refuser des cookies<br>Pour la gestion des cookies et de vos choix, la configuration de chaque navigateur est diff\u00e9rente. Elle est d\u00e9crite dans le menu d\u2019aide de votre navigateur, qui vous permettra de savoir de quelle mani\u00e8re modifier vos souhaits en mati\u00e8re de cookies :<\/p>\n<ul>\n<li>Pour Internet Explorer\u2122 :&nbsp;<a href=\"http:\/\/windows.microsoft.com\/fr-FR\/windows-vista\/Block-or-allow-cookies\" target=\"_blank\" rel=\"noopener\">cliquez ici<\/a><\/li>\n<li>Pour Safari\u2122 :&nbsp;<a href=\"http:\/\/support.apple.com\/kb\/HT1677?viewlocale=fr_FR\" target=\"_blank\" rel=\"noopener\">cliquez ici<\/a><\/li>\n<li>Pour Chrome\u2122 :&nbsp;<a href=\"http:\/\/support.google.com\/chrome\/bin\/answer.py?hl=fr&amp;amp;hlrm=en&amp;amp;answer=95647\" target=\"_blank\" rel=\"noopener\">cliquez ici<\/a><\/li>\n<li>Pour Firefox\u2122 :&nbsp;<a href=\"http:\/\/support.mozilla.org\/fr\/kb\/Activer%20et%20d%C3%A9sactiver%20les%20cookies\" target=\"_blank\" rel=\"noopener\">cliquez ici<\/a><\/li>\n<li>Pour Opera\u2122 :&nbsp;<a href=\"http:\/\/help.opera.com\/Windows\/10.20\/fr\/cookies.html\" target=\"_blank\" rel=\"noopener\">cliquez ici<\/a><\/li>\n<\/ul><div><br><\/div><div><br><\/div>\n<table width=\"679\">\n<tbody>\n<tr>\n<td><strong>Type de cookie<\/strong><\/td>\n<td><strong>Cookie utilis\u00e9<\/strong><\/td>\n<td><strong>Que fait-il ?<\/strong><\/td>\n<td><strong>Renseignements sur les cookies<\/strong><\/td>\n<\/tr>\n<tr>\n<td>Ciblage\/publicit\u00e9<\/td>\n<td>Suivi des<br>sites visit\u00e9s<\/td>\n<td>Fournit des informations anonymes sur les<br>visiteurs tels que les sites web qu\u2019ils visitent avant et\/ ou apr\u00e8s avoir visit\u00e9 le site en question<\/td>\n<td><a href=\"https:\/\/www.ghostery.com\/fr\/apps\/affili.net\" target=\"_blank\" rel=\"noopener\">https:\/\/www.ghostery.com\/fr\/apps\/affili.net<\/a><\/td>\n<\/tr>\n<tr>\n<td>Fonctionnalit\u00e9<\/td>\n<td>Media sociaux\/partage<\/td>\n<td>Vous permet de partager des commentaires\/ des notes\/des pages \/ des signets et permet de fournir un acc\u00e8s aux r\u00e9seaux sociaux et outils sociaux en ligne plus facilement<\/td>\n<td><a href=\"https:\/\/www.ghostery.com\/fr\/apps\/twitter_button\" target=\"_blank\" rel=\"noopener\">https:\/\/www.ghostery.com\/fr\/apps\/twitter_button<\/a><\/td>\n<\/tr>\n<tr>\n<td>Performance<\/td>\n<td>Statistiques\/suivi<\/td>\n<td>Fournit des informations anonymes\/ agr\u00e9g\u00e9es<br>sur o\u00f9 vous allez et ce que vous faites sur le site<br>en question et d\u2019autres sites internet<\/td>\n<td><a href=\"https:\/\/www.ghostery.com\/fr\/apps\/google_analytics\" target=\"_blank\" rel=\"noopener\">https:\/\/www.ghostery.com\/fr\/apps\/google_analytics<\/a><\/td>\n<\/tr>\n<tr>\n<td>Fonctionnalit\u00e9<\/td>\n<td>Media sociaux\/partage<\/td>\n<td>Vous permet de partager des commentaires\/ des notes\/des pages \/ des signets et permet de fournir un acc\u00e8s aux r\u00e9seaux sociaux et outils sociaux en ligne plus facilement<\/td>\n<td><a href=\"https:\/\/www.ghostery.com\/fr\/apps\/google+_platform\" target=\"_blank\" rel=\"noopener\">https:\/\/www.ghostery.com\/fr\/apps\/google+_platform<\/a><\/td>\n<\/tr>\n<tr>\n<td>Fonctionnalit\u00e9<\/td>\n<td>Media sociaux\/partage<\/td>\n<td>Vous permet de partager des commentaires\/ des notes\/des pages \/ des signets et permet de fournir un acc\u00e8s aux r\u00e9seaux sociaux et outils sociaux en ligne plus facilement<\/td>\n<td><a href=\"https:\/\/www.ghostery.com\/fr\/apps\/twitter_badge\" target=\"_blank\" rel=\"noopener\">https:\/\/www.ghostery.com\/fr\/apps\/twitter_badge<\/a><\/td>\n<\/tr>\n<tr>\n<td>Fonctionnalit\u00e9<\/td>\n<td>Media sociaux\/partage<\/td>\n<td>Vous permet de partager des commentaires\/ des notes\/des pages \/ des signets et permet de fournir un acc\u00e8s aux r\u00e9seaux sociaux et outils sociaux en ligne plus facilement<\/td>\n<td><a href=\"https:\/\/www.ghostery.com\/fr\/apps\/facebook_connect\" target=\"_blank\" rel=\"noopener\">https:\/\/www.ghostery.com\/fr\/apps\/facebook_connect<\/a><\/td>\n<\/tr>\n<tr>\n<td>Fonctionnalit\u00e9<\/td>\n<td>Media sociaux\/partage<\/td>\n<td>Vous permet de partager des commentaires\/ des notes\/des pages \/ des signets et permet de fournir un acc\u00e8s aux r\u00e9seaux sociaux et outils sociaux en ligne plus facilement<\/td>\n<td><a href=\"https:\/\/www.ghostery.com\/fr\/apps\/facebook_social_plugins\" target=\"_blank\" rel=\"noopener\">https:\/\/www.ghostery.com\/fr\/apps\/facebook_social_plugins<\/a><\/td>\n<\/tr>\n<tr>\n<td>Fonctionnalit\u00e9<\/td>\n<td>Media sociaux\/partage<\/td>\n<td>Vous permet de partager des commentaires\/ des notes\/des pages \/ des signets et permet de fournir un acc\u00e8s aux r\u00e9seaux sociaux et outils sociaux en ligne plus facilement<\/td>\n<td><a href=\"https:\/\/www.ghostery.com\/fr\/apps\/linkedin_widgets\" target=\"_blank\" rel=\"noopener\">https:\/\/www.ghostery.com\/fr\/apps\/linkedin_widgets<\/a><\/td>\n<\/tr>\n<tr>\n<td>Fonctionnalit\u00e9<\/td>\n<td>Media sociaux\/partage<\/td>\n<td>Vous permet de partager des commentaires\/ des notes\/des pages \/ des signets et permet de fournir un acc\u00e8s aux r\u00e9seaux sociaux et outils sociaux en ligne plus facilement<\/td>\n<td><a href=\"https:\/\/www.ghostery.com\/fr\/apps\/pinterest\" target=\"_blank\" rel=\"noopener\">https:\/\/www.ghostery.com\/fr\/apps\/pinterest<\/a><\/td>\n<\/tr>\n<\/tbody>\n<\/table>\t\t\t\t\t\t\t\t<\/div>\n\t\t\t\t<\/div>\n\t\t\t\t\t<\/div>\n\t\t\t\t<\/div>\n\t\t\t\t<\/div>\n\t\t","protected":false},"excerpt":{"rendered":"<p>Cookies Lorsque vous visitez plusieurs fois votre site web pr\u00e9f\u00e9r\u00e9, vous appr\u00e9ciez que ce site web vous reconnaisse, qu\u2019il vous affiche des messages de bienvenue personnalis\u00e9s, qu\u2019il se souvienne de vos pr\u00e9c\u00e9dentes visites. Comment un site web est-il capable de vous reconna\u00eetre ? Tout simplement en ayant recours aux cookies. Qu\u2019est-ce qu\u2019un cookie ? Un [&hellip;]<\/p>\n","protected":false},"author":1,"featured_media":0,"parent":0,"menu_order":0,"comment_status":"closed","ping_status":"closed","template":"elementor_header_footer","meta":{"_acf_changed":false,"footnotes":""},"class_list":["post-1149","page","type-page","status-publish","hentry"],"acf":[],"yoast_head":"<!-- This site is optimized with the Yoast SEO plugin v23.9 - https:\/\/yoast.com\/wordpress\/plugins\/seo\/ -->\n<title>Cookies - Agence Godot &amp; Fils \u00e0 Lausanne<\/title>\n<meta name=\"description\" content=\"Sur cette page, vous retrouverez toutes les informations relatives \u00e0 notre politique de cookies.\" \/>\n<meta name=\"robots\" content=\"index, follow, max-snippet:-1, max-image-preview:large, max-video-preview:-1\" \/>\n<link rel=\"canonical\" href=\"https:\/\/godotetfils.com\/lausanne\/cookies\/\" \/>\n<meta property=\"og:locale\" content=\"fr_FR\" \/>\n<meta property=\"og:type\" content=\"article\" \/>\n<meta property=\"og:title\" content=\"Cookies - Agence Godot &amp; Fils \u00e0 Lausanne\" \/>\n<meta property=\"og:description\" content=\"Sur cette page, vous retrouverez toutes les informations relatives \u00e0 notre politique de cookies.\" \/>\n<meta property=\"og:url\" content=\"https:\/\/godotetfils.com\/lausanne\/cookies\/\" \/>\n<meta property=\"og:site_name\" content=\"Lausanne\" \/>\n<meta property=\"article:modified_time\" content=\"2024-11-15T16:17:31+00:00\" \/>\n<meta name=\"twitter:card\" content=\"summary_large_image\" \/>\n<meta name=\"twitter:label1\" content=\"Dur\u00e9e de lecture estim\u00e9e\" \/>\n\t<meta name=\"twitter:data1\" content=\"4 minutes\" \/>\n<script type=\"application\/ld+json\" class=\"yoast-schema-graph\">{\"@context\":\"https:\/\/schema.org\",\"@graph\":[{\"@type\":\"WebPage\",\"@id\":\"https:\/\/godotetfils.com\/lausanne\/cookies\/\",\"url\":\"https:\/\/godotetfils.com\/lausanne\/cookies\/\",\"name\":\"Cookies - Agence Godot & Fils \u00e0 Lausanne\",\"isPartOf\":{\"@id\":\"https:\/\/godotetfils.com\/lausanne\/#website\"},\"datePublished\":\"2024-11-12T15:45:50+00:00\",\"dateModified\":\"2024-11-15T16:17:31+00:00\",\"description\":\"Sur cette page, vous retrouverez toutes les informations relatives \u00e0 notre politique de cookies.\",\"breadcrumb\":{\"@id\":\"https:\/\/godotetfils.com\/lausanne\/cookies\/#breadcrumb\"},\"inLanguage\":\"fr-FR\",\"potentialAction\":[{\"@type\":\"ReadAction\",\"target\":[\"https:\/\/godotetfils.com\/lausanne\/cookies\/\"]}]},{\"@type\":\"BreadcrumbList\",\"@id\":\"https:\/\/godotetfils.com\/lausanne\/cookies\/#breadcrumb\",\"itemListElement\":[{\"@type\":\"ListItem\",\"position\":1,\"name\":\"Accueil\",\"item\":\"https:\/\/godotetfils.com\/lausanne\/\"},{\"@type\":\"ListItem\",\"position\":2,\"name\":\"Cookies\"}]},{\"@type\":\"WebSite\",\"@id\":\"https:\/\/godotetfils.com\/lausanne\/#website\",\"url\":\"https:\/\/godotetfils.com\/lausanne\/\",\"name\":\"Lausanne\",\"description\":\"\",\"publisher\":{\"@id\":\"https:\/\/godotetfils.com\/lausanne\/#organization\"},\"potentialAction\":[{\"@type\":\"SearchAction\",\"target\":{\"@type\":\"EntryPoint\",\"urlTemplate\":\"https:\/\/godotetfils.com\/lausanne\/?s={search_term_string}\"},\"query-input\":{\"@type\":\"PropertyValueSpecification\",\"valueRequired\":true,\"valueName\":\"search_term_string\"}}],\"inLanguage\":\"fr-FR\"},{\"@type\":\"Organization\",\"@id\":\"https:\/\/godotetfils.com\/lausanne\/#organization\",\"name\":\"Lausanne\",\"url\":\"https:\/\/godotetfils.com\/lausanne\/\",\"logo\":{\"@type\":\"ImageObject\",\"inLanguage\":\"fr-FR\",\"@id\":\"https:\/\/godotetfils.com\/lausanne\/#\/schema\/logo\/image\/\",\"url\":\"https:\/\/godotetfils.com\/lausanne\/wp-content\/uploads\/sites\/151\/2024\/11\/godot-et-fils-logo-noir-1.png\",\"contentUrl\":\"https:\/\/godotetfils.com\/lausanne\/wp-content\/uploads\/sites\/151\/2024\/11\/godot-et-fils-logo-noir-1.png\",\"width\":350,\"height\":72,\"caption\":\"Lausanne\"},\"image\":{\"@id\":\"https:\/\/godotetfils.com\/lausanne\/#\/schema\/logo\/image\/\"}}]}<\/script>\n<!-- \/ Yoast SEO plugin. -->","yoast_head_json":{"title":"Cookies - Agence Godot & Fils \u00e0 Lausanne","description":"Sur cette page, vous retrouverez toutes les informations relatives \u00e0 notre politique de cookies.","robots":{"index":"index","follow":"follow","max-snippet":"max-snippet:-1","max-image-preview":"max-image-preview:large","max-video-preview":"max-video-preview:-1"},"canonical":"https:\/\/godotetfils.com\/lausanne\/cookies\/","og_locale":"fr_FR","og_type":"article","og_title":"Cookies - Agence Godot & Fils \u00e0 Lausanne","og_description":"Sur cette page, vous retrouverez toutes les informations relatives \u00e0 notre politique de cookies.","og_url":"https:\/\/godotetfils.com\/lausanne\/cookies\/","og_site_name":"Lausanne","article_modified_time":"2024-11-15T16:17:31+00:00","twitter_card":"summary_large_image","twitter_misc":{"Dur\u00e9e de lecture estim\u00e9e":"4 minutes"},"schema":{"@context":"https:\/\/schema.org","@graph":[{"@type":"WebPage","@id":"https:\/\/godotetfils.com\/lausanne\/cookies\/","url":"https:\/\/godotetfils.com\/lausanne\/cookies\/","name":"Cookies - Agence Godot & Fils \u00e0 Lausanne","isPartOf":{"@id":"https:\/\/godotetfils.com\/lausanne\/#website"},"datePublished":"2024-11-12T15:45:50+00:00","dateModified":"2024-11-15T16:17:31+00:00","description":"Sur cette page, vous retrouverez toutes les informations relatives \u00e0 notre politique de cookies.","breadcrumb":{"@id":"https:\/\/godotetfils.com\/lausanne\/cookies\/#breadcrumb"},"inLanguage":"fr-FR","potentialAction":[{"@type":"ReadAction","target":["https:\/\/godotetfils.com\/lausanne\/cookies\/"]}]},{"@type":"BreadcrumbList","@id":"https:\/\/godotetfils.com\/lausanne\/cookies\/#breadcrumb","itemListElement":[{"@type":"ListItem","position":1,"name":"Accueil","item":"https:\/\/godotetfils.com\/lausanne\/"},{"@type":"ListItem","position":2,"name":"Cookies"}]},{"@type":"WebSite","@id":"https:\/\/godotetfils.com\/lausanne\/#website","url":"https:\/\/godotetfils.com\/lausanne\/","name":"Lausanne","description":"","publisher":{"@id":"https:\/\/godotetfils.com\/lausanne\/#organization"},"potentialAction":[{"@type":"SearchAction","target":{"@type":"EntryPoint","urlTemplate":"https:\/\/godotetfils.com\/lausanne\/?s={search_term_string}"},"query-input":{"@type":"PropertyValueSpecification","valueRequired":true,"valueName":"search_term_string"}}],"inLanguage":"fr-FR"},{"@type":"Organization","@id":"https:\/\/godotetfils.com\/lausanne\/#organization","name":"Lausanne","url":"https:\/\/godotetfils.com\/lausanne\/","logo":{"@type":"ImageObject","inLanguage":"fr-FR","@id":"https:\/\/godotetfils.com\/lausanne\/#\/schema\/logo\/image\/","url":"https:\/\/godotetfils.com\/lausanne\/wp-content\/uploads\/sites\/151\/2024\/11\/godot-et-fils-logo-noir-1.png","contentUrl":"https:\/\/godotetfils.com\/lausanne\/wp-content\/uploads\/sites\/151\/2024\/11\/godot-et-fils-logo-noir-1.png","width":350,"height":72,"caption":"Lausanne"},"image":{"@id":"https:\/\/godotetfils.com\/lausanne\/#\/schema\/logo\/image\/"}}]}},"_links":{"self":[{"href":"https:\/\/godotetfils.com\/lausanne\/wp-json\/wp\/v2\/pages\/1149","targetHints":{"allow":["GET"]}}],"collection":[{"href":"https:\/\/godotetfils.com\/lausanne\/wp-json\/wp\/v2\/pages"}],"about":[{"href":"https:\/\/godotetfils.com\/lausanne\/wp-json\/wp\/v2\/types\/page"}],"author":[{"embeddable":true,"href":"https:\/\/godotetfils.com\/lausanne\/wp-json\/wp\/v2\/users\/1"}],"replies":[{"embeddable":true,"href":"https:\/\/godotetfils.com\/lausanne\/wp-json\/wp\/v2\/comments?post=1149"}],"version-history":[{"count":4,"href":"https:\/\/godotetfils.com\/lausanne\/wp-json\/wp\/v2\/pages\/1149\/revisions"}],"predecessor-version":[{"id":1153,"href":"https:\/\/godotetfils.com\/lausanne\/wp-json\/wp\/v2\/pages\/1149\/revisions\/1153"}],"wp:attachment":[{"href":"https:\/\/godotetfils.com\/lausanne\/wp-json\/wp\/v2\/media?parent=1149"}],"curies":[{"name":"wp","href":"https:\/\/api.w.org\/{rel}","templated":true}]}}