{"id":36,"date":"2024-11-08T11:05:54","date_gmt":"2024-11-08T11:05:54","guid":{"rendered":"https:\/\/prod.godotetfils.com\/?page_id=36"},"modified":"2024-11-22T08:59:25","modified_gmt":"2024-11-22T08:59:25","slug":"rachat-de-bijoux","status":"publish","type":"page","link":"https:\/\/godotetfils.com\/lausanne\/rachat-de-bijoux\/","title":{"rendered":"Rachat de bijoux"},"content":{"rendered":"\t\t<div data-elementor-type=\"wp-page\" data-elementor-id=\"36\" class=\"elementor elementor-36\" data-elementor-post-type=\"page\">\n\t\t\t\t<div class=\"elementor-element elementor-element-caf2048 e-flex e-con-boxed elementor-invisible e-con e-parent\" data-id=\"caf2048\" data-element_type=\"container\" data-e-type=\"container\" data-settings=\"{&quot;background_background&quot;:&quot;classic&quot;,&quot;animation&quot;:&quot;fadeInDown&quot;,&quot;background_motion_fx_motion_fx_scrolling&quot;:&quot;yes&quot;,&quot;background_motion_fx_translateY_effect&quot;:&quot;yes&quot;,&quot;background_motion_fx_translateY_speed&quot;:{&quot;unit&quot;:&quot;px&quot;,&quot;size&quot;:10,&quot;sizes&quot;:[]},&quot;background_motion_fx_translateY_affectedRange&quot;:{&quot;unit&quot;:&quot;%&quot;,&quot;size&quot;:&quot;&quot;,&quot;sizes&quot;:{&quot;start&quot;:0,&quot;end&quot;:100}},&quot;background_motion_fx_devices&quot;:[&quot;desktop&quot;,&quot;tablet&quot;,&quot;mobile&quot;]}\">\n\t\t\t\t\t<div class=\"e-con-inner\">\n\t\t<div class=\"elementor-element elementor-element-2f634948 e-grid e-con-full e-con e-child\" data-id=\"2f634948\" data-element_type=\"container\" data-e-type=\"container\">\n\t\t\t\t<div class=\"elementor-element elementor-element-7b2946da elementor-widget elementor-widget-heading\" data-id=\"7b2946da\" data-element_type=\"widget\" data-e-type=\"widget\" data-widget_type=\"heading.default\">\n\t\t\t\t<div class=\"elementor-widget-container\">\n\t\t\t\t\t<h1 class=\"elementor-heading-title elementor-size-default\">Rachat de bijoux\n<\/h1>\t\t\t\t<\/div>\n\t\t\t\t<\/div>\n\t\t\t\t<div class=\"elementor-element elementor-element-513bf494 elementor-mobile-align-center elementor-widget elementor-widget-breadcrumbs\" data-id=\"513bf494\" data-element_type=\"widget\" data-e-type=\"widget\" data-widget_type=\"breadcrumbs.default\">\n\t\t\t\t<div class=\"elementor-widget-container\">\n\t\t\t\t\t<p id=\"breadcrumbs\"><span><span><a href=\"https:\/\/godotetfils.com\/lausanne\/\">Accueil<\/a><\/span><\/span><\/p>\t\t\t\t<\/div>\n\t\t\t\t<\/div>\n\t\t\t\t<\/div>\n\t\t\t\t<div class=\"elementor-element elementor-element-4796e1a4 elementor-widget-divider--view-line elementor-widget elementor-widget-divider\" data-id=\"4796e1a4\" data-element_type=\"widget\" data-e-type=\"widget\" data-widget_type=\"divider.default\">\n\t\t\t\t<div class=\"elementor-widget-container\">\n\t\t\t\t\t\t\t<div class=\"elementor-divider\">\n\t\t\t<span class=\"elementor-divider-separator\">\n\t\t\t\t\t\t<\/span>\n\t\t<\/div>\n\t\t\t\t\t\t<\/div>\n\t\t\t\t<\/div>\n\t\t\t\t\t<\/div>\n\t\t\t\t<\/div>\n\t\t<div class=\"elementor-element elementor-element-575f901c e-flex e-con-boxed e-con e-parent\" data-id=\"575f901c\" data-element_type=\"container\" data-e-type=\"container\" data-settings=\"{&quot;background_background&quot;:&quot;classic&quot;}\">\n\t\t\t\t\t<div class=\"e-con-inner\">\n\t\t\t\t<div class=\"elementor-element elementor-element-2c6f84c3 elementor-invisible elementor-widget elementor-widget-heading\" data-id=\"2c6f84c3\" data-element_type=\"widget\" data-e-type=\"widget\" data-settings=\"{&quot;_animation&quot;:&quot;fadeInUp&quot;}\" data-widget_type=\"heading.default\">\n\t\t\t\t<div class=\"elementor-widget-container\">\n\t\t\t\t\t<h2 class=\"elementor-heading-title elementor-size-default\">GODOT &amp; FILS LAUSANNE RACH\u00c8TE VOS BIJOUX<\/h2>\t\t\t\t<\/div>\n\t\t\t\t<\/div>\n\t\t\t\t<div class=\"elementor-element elementor-element-33bd4569 elementor-invisible elementor-widget elementor-widget-text-editor\" data-id=\"33bd4569\" data-element_type=\"widget\" data-e-type=\"widget\" data-settings=\"{&quot;_animation&quot;:&quot;fadeInUp&quot;}\" data-widget_type=\"text-editor.default\">\n\t\t\t\t<div class=\"elementor-widget-container\">\n\t\t\t\t\t\t\t\t\t<div class=\"ok-xsd-12 page-section-673363b9af615 ok-md-12\"><div class=\"page-section \"><div class=\"dimacoltable page-section\"><div class=\"dimacell\"><div class=\"wpb_content_element \"><div class=\"wpb_wrapper\"><p>Nous rachetons votre or en vrac, des bijoux trop ab\u00eem\u00e9s pour \u00eatre port\u00e9, des vieilles montres ou des services de table.<\/p><\/div><\/div><\/div><\/div><\/div><\/div>\t\t\t\t\t\t\t\t<\/div>\n\t\t\t\t<\/div>\n\t\t\t\t<div class=\"elementor-element elementor-element-57dc2f41 elementor-invisible elementor-widget elementor-widget-video\" data-id=\"57dc2f41\" data-element_type=\"widget\" data-e-type=\"widget\" data-settings=\"{&quot;youtube_url&quot;:&quot;https:\\\/\\\/youtu.be\\\/zY2D9rWei28&quot;,&quot;_animation&quot;:&quot;fadeInUp&quot;,&quot;video_type&quot;:&quot;youtube&quot;,&quot;controls&quot;:&quot;yes&quot;}\" data-widget_type=\"video.default\">\n\t\t\t\t<div class=\"elementor-widget-container\">\n\t\t\t\t\t\t\t<div class=\"elementor-wrapper elementor-open-inline\">\n\t\t\t<div class=\"elementor-video\"><\/div>\t\t<\/div>\n\t\t\t\t\t\t<\/div>\n\t\t\t\t<\/div>\n\t\t\t\t\t<\/div>\n\t\t\t\t<\/div>\n\t\t<div class=\"elementor-element elementor-element-2933b775 e-flex e-con-boxed e-con e-parent\" data-id=\"2933b775\" data-element_type=\"container\" data-e-type=\"container\" data-settings=\"{&quot;background_background&quot;:&quot;classic&quot;}\">\n\t\t\t\t\t<div class=\"e-con-inner\">\n\t\t\t\t<div class=\"elementor-element elementor-element-db1f762 elementor-invisible elementor-widget elementor-widget-heading\" data-id=\"db1f762\" data-element_type=\"widget\" data-e-type=\"widget\" data-settings=\"{&quot;_animation&quot;:&quot;fadeInUp&quot;}\" data-widget_type=\"heading.default\">\n\t\t\t\t<div class=\"elementor-widget-container\">\n\t\t\t\t\t<h2 class=\"elementor-heading-title elementor-size-default\">B\u00c9N\u00c9FICIEZ D\u2019UNE ESTIMATION GRATUITE\n<\/h2>\t\t\t\t<\/div>\n\t\t\t\t<\/div>\n\t\t\t\t<div class=\"elementor-element elementor-element-7b343ca0 elementor-invisible elementor-widget elementor-widget-text-editor\" data-id=\"7b343ca0\" data-element_type=\"widget\" data-e-type=\"widget\" data-settings=\"{&quot;_animation&quot;:&quot;fadeInUp&quot;}\" data-widget_type=\"text-editor.default\">\n\t\t\t\t<div class=\"elementor-widget-container\">\n\t\t\t\t\t\t\t\t\t<div class=\"ok-xsd-12 page-section-673363b9af615 ok-md-12\"><div class=\"page-section \"><div class=\"dimacoltable page-section\"><div class=\"dimacell\"><div class=\"wpb_content_element \"><div class=\"wpb_wrapper\"><div class=\"ok-xsd-12 page-section-673363b9afc10   ok-md-12\"><div class=\"page-section \"><div class=\"dimacoltable page-section\"><div class=\"dimacell\"><div class=\"wpb_content_element \"><div class=\"wpb_wrapper\"><p>Contactez-nous ou venez nous rencontrer directement en agence, avec ou sans rendez-vous.<\/p><\/div><\/div><\/div><\/div><\/div><\/div><div class=\"ok-xsd-12 page-section-673363b9afd10   ok-md-12\"><div class=\"page-section \"><div class=\"dimacoltable page-section\"><div class=\"dimacell\"><div id=\"boite\" class=\"dima-iconbox dima-iconbox-shadow shadow-hover features-box text-center\">\u00a0<\/div><\/div><\/div><\/div><\/div><\/div><\/div><\/div><\/div><\/div><\/div>\t\t\t\t\t\t\t\t<\/div>\n\t\t\t\t<\/div>\n\t\t\t\t\t<\/div>\n\t\t\t\t<\/div>\n\t\t<div class=\"elementor-element elementor-element-1ec0c703 e-flex e-con-boxed e-con e-parent\" data-id=\"1ec0c703\" data-element_type=\"container\" data-e-type=\"container\" data-settings=\"{&quot;background_background&quot;:&quot;classic&quot;}\">\n\t\t\t\t\t<div class=\"e-con-inner\">\n\t\t<div class=\"elementor-element elementor-element-7f7308b6 e-con-full e-flex elementor-invisible e-con e-child\" data-id=\"7f7308b6\" data-element_type=\"container\" data-e-type=\"container\" data-settings=\"{&quot;background_background&quot;:&quot;classic&quot;,&quot;animation&quot;:&quot;fadeInLeft&quot;}\">\n\t\t\t\t<div class=\"elementor-element elementor-element-4cfb0a7a elementor-widget elementor-widget-image\" data-id=\"4cfb0a7a\" data-element_type=\"widget\" data-e-type=\"widget\" data-widget_type=\"image.default\">\n\t\t\t\t<div class=\"elementor-widget-container\">\n\t\t\t\t\t\t\t\t\t\t\t\t\t\t\t<img fetchpriority=\"high\" decoding=\"async\" width=\"591\" height=\"518\" src=\"https:\/\/godotetfils.com\/lausanne\/wp-content\/uploads\/sites\/151\/2024\/11\/colmar3-rotated-2.jpg\" class=\"attachment-large size-large wp-image-1056\" alt=\"\" srcset=\"https:\/\/godotetfils.com\/lausanne\/wp-content\/uploads\/sites\/151\/2024\/11\/colmar3-rotated-2.jpg 591w, https:\/\/godotetfils.com\/lausanne\/wp-content\/uploads\/sites\/151\/2024\/11\/colmar3-rotated-2-300x263.jpg 300w\" sizes=\"(max-width: 591px) 100vw, 591px\" \/>\t\t\t\t\t\t\t\t\t\t\t\t\t\t\t<\/div>\n\t\t\t\t<\/div>\n\t\t\t\t<\/div>\n\t\t<div class=\"elementor-element elementor-element-374dd23 e-con-full e-flex elementor-invisible e-con e-child\" data-id=\"374dd23\" data-element_type=\"container\" data-e-type=\"container\" data-settings=\"{&quot;animation&quot;:&quot;fadeInRight&quot;}\">\n\t\t\t\t<div class=\"elementor-element elementor-element-242e15f4 elementor-icon-list--layout-traditional elementor-list-item-link-full_width elementor-widget elementor-widget-icon-list\" data-id=\"242e15f4\" data-element_type=\"widget\" data-e-type=\"widget\" data-widget_type=\"icon-list.default\">\n\t\t\t\t<div class=\"elementor-widget-container\">\n\t\t\t\t\t\t\t<ul class=\"elementor-icon-list-items\">\n\t\t\t\t\t\t\t<li class=\"elementor-icon-list-item\">\n\t\t\t\t\t\t\t\t\t\t\t<a href=\"https:\/\/www.google.com\/maps\/place\/Godot+%26+Fils+Lausanne\/@46.5190529,6.6261239,16z\/data=!4m6!3m5!1s0x478c2fa72b31eff9:0x81047abf98e8164f!8m2!3d46.5204521!4d6.6367147!16s%2Fg%2F11yz8qnx55?hl=fr&#038;authuser=0&#038;entry=ttu&#038;g_ep=EgoyMDI2MDIwNC4wIKXMDSoASAFQAw%3D%3D\">\n\n\t\t\t\t\t\t\t\t\t\t\t\t<span class=\"elementor-icon-list-icon\">\n\t\t\t\t\t\t\t<svg aria-hidden=\"true\" class=\"e-font-icon-svg e-fas-map-pin\" viewBox=\"0 0 288 512\" xmlns=\"http:\/\/www.w3.org\/2000\/svg\"><path d=\"M112 316.94v156.69l22.02 33.02c4.75 7.12 15.22 7.12 19.97 0L176 473.63V316.94c-10.39 1.92-21.06 3.06-32 3.06s-21.61-1.14-32-3.06zM144 0C64.47 0 0 64.47 0 144s64.47 144 144 144 144-64.47 144-144S223.53 0 144 0zm0 76c-37.5 0-68 30.5-68 68 0 6.62-5.38 12-12 12s-12-5.38-12-12c0-50.73 41.28-92 92-92 6.62 0 12 5.38 12 12s-5.38 12-12 12z\"><\/path><\/svg>\t\t\t\t\t\t<\/span>\n\t\t\t\t\t\t\t\t\t\t<span class=\"elementor-icon-list-text\">Rue Caroline 5, 1003 Lausanne<\/span>\n\t\t\t\t\t\t\t\t\t\t\t<\/a>\n\t\t\t\t\t\t\t\t\t<\/li>\n\t\t\t\t\t\t\t\t<li class=\"elementor-icon-list-item\">\n\t\t\t\t\t\t\t\t\t\t\t<a href=\"tel:+41215124468\">\n\n\t\t\t\t\t\t\t\t\t\t\t\t<span class=\"elementor-icon-list-icon\">\n\t\t\t\t\t\t\t<svg aria-hidden=\"true\" class=\"e-font-icon-svg e-fas-phone-alt\" viewBox=\"0 0 512 512\" xmlns=\"http:\/\/www.w3.org\/2000\/svg\"><path d=\"M497.39 361.8l-112-48a24 24 0 0 0-28 6.9l-49.6 60.6A370.66 370.66 0 0 1 130.6 204.11l60.6-49.6a23.94 23.94 0 0 0 6.9-28l-48-112A24.16 24.16 0 0 0 122.6.61l-104 24A24 24 0 0 0 0 48c0 256.5 207.9 464 464 464a24 24 0 0 0 23.4-18.6l24-104a24.29 24.29 0 0 0-14.01-27.6z\"><\/path><\/svg>\t\t\t\t\t\t<\/span>\n\t\t\t\t\t\t\t\t\t\t<span class=\"elementor-icon-list-text\">+41 21 512 44 68<\/span>\n\t\t\t\t\t\t\t\t\t\t\t<\/a>\n\t\t\t\t\t\t\t\t\t<\/li>\n\t\t\t\t\t\t<\/ul>\n\t\t\t\t\t\t<\/div>\n\t\t\t\t<\/div>\n\t\t\t\t<div class=\"elementor-element elementor-element-5457eabd elementor-mobile-align-center elementor-widget elementor-widget-button\" data-id=\"5457eabd\" data-element_type=\"widget\" data-e-type=\"widget\" data-widget_type=\"button.default\">\n\t\t\t\t<div class=\"elementor-widget-container\">\n\t\t\t\t\t\t\t\t\t<div class=\"elementor-button-wrapper\">\n\t\t\t\t\t<a class=\"elementor-button elementor-button-link elementor-size-sm\" href=\"https:\/\/www.achat-or-et-argent.fr\/prise-de-rendez-vous\/197\/lausanne\" target=\"_blank\">\n\t\t\t\t\t\t<span class=\"elementor-button-content-wrapper\">\n\t\t\t\t\t\t\t\t\t<span class=\"elementor-button-text\">PRENDRE RENDEZ-VOUS<\/span>\n\t\t\t\t\t<\/span>\n\t\t\t\t\t<\/a>\n\t\t\t\t<\/div>\n\t\t\t\t\t\t\t\t<\/div>\n\t\t\t\t<\/div>\n\t\t\t\t<\/div>\n\t\t\t\t\t<\/div>\n\t\t\t\t<\/div>\n\t\t<div class=\"elementor-element elementor-element-14b142c6 e-flex e-con-boxed elementor-invisible e-con e-parent\" data-id=\"14b142c6\" data-element_type=\"container\" data-e-type=\"container\" data-settings=\"{&quot;animation&quot;:&quot;fadeInUp&quot;}\">\n\t\t\t\t\t<div class=\"e-con-inner\">\n\t\t<div class=\"elementor-element elementor-element-d6383ab e-con-full e-flex e-con e-child\" data-id=\"d6383ab\" data-element_type=\"container\" data-e-type=\"container\">\n\t\t\t\t<div class=\"elementor-element elementor-element-1a634b70 elementor-widget elementor-widget-text-editor\" data-id=\"1a634b70\" data-element_type=\"widget\" data-e-type=\"widget\" data-widget_type=\"text-editor.default\">\n\t\t\t\t<div class=\"elementor-widget-container\">\n\t\t\t\t\t\t\t\t\t<p>Notre agence GODOT &amp; FILS LAUSANNE vous propose \u00e9galement le rachat de vos bijoux et votre vieil or (montres, goussets, pendentifs, gourmettes, bracelets, etc.)<\/p><p>N\u2019h\u00e9sitez pas \u00e0 nous contacter au +41 21 512 44 68\u00a0 pour de plus amples informations.<\/p><p>Nos prix d\u2019achat et de vente sont directement index\u00e9s sur les cours officiels de\u00a0l\u2019or.<\/p><p>Cela permet donc une\u00a0totale transparence sur nos commissions.<\/p>\t\t\t\t\t\t\t\t<\/div>\n\t\t\t\t<\/div>\n\t\t\t\t<\/div>\n\t\t<div class=\"elementor-element elementor-element-27c0cec4 e-con-full e-flex e-con e-child\" data-id=\"27c0cec4\" data-element_type=\"container\" data-e-type=\"container\">\n\t\t\t\t<div class=\"elementor-element elementor-element-41bfafea elementor-widget elementor-widget-image\" data-id=\"41bfafea\" data-element_type=\"widget\" data-e-type=\"widget\" data-widget_type=\"image.default\">\n\t\t\t\t<div class=\"elementor-widget-container\">\n\t\t\t\t\t\t\t\t\t\t\t\t\t\t\t<img decoding=\"async\" width=\"800\" height=\"395\" src=\"https:\/\/godotetfils.com\/lausanne\/wp-content\/uploads\/sites\/151\/2024\/11\/rachat-de-bijoux-1024x506.png\" class=\"attachment-large size-large wp-image-1057\" alt=\"\" srcset=\"https:\/\/godotetfils.com\/lausanne\/wp-content\/uploads\/sites\/151\/2024\/11\/rachat-de-bijoux-1024x506.png 1024w, https:\/\/godotetfils.com\/lausanne\/wp-content\/uploads\/sites\/151\/2024\/11\/rachat-de-bijoux-300x148.png 300w, https:\/\/godotetfils.com\/lausanne\/wp-content\/uploads\/sites\/151\/2024\/11\/rachat-de-bijoux-768x380.png 768w, https:\/\/godotetfils.com\/lausanne\/wp-content\/uploads\/sites\/151\/2024\/11\/rachat-de-bijoux.png 1204w\" sizes=\"(max-width: 800px) 100vw, 800px\" \/>\t\t\t\t\t\t\t\t\t\t\t\t\t\t\t<\/div>\n\t\t\t\t<\/div>\n\t\t\t\t<\/div>\n\t\t\t\t\t<\/div>\n\t\t\t\t<\/div>\n\t\t<div class=\"elementor-element elementor-element-4f43213e e-flex e-con-boxed elementor-invisible e-con e-parent\" data-id=\"4f43213e\" data-element_type=\"container\" data-e-type=\"container\" data-settings=\"{&quot;animation&quot;:&quot;fadeInUp&quot;}\">\n\t\t\t\t\t<div class=\"e-con-inner\">\n\t\t\t\t<div class=\"elementor-element elementor-element-4665b423 elementor-widget elementor-widget-heading\" data-id=\"4665b423\" data-element_type=\"widget\" data-e-type=\"widget\" data-widget_type=\"heading.default\">\n\t\t\t\t<div class=\"elementor-widget-container\">\n\t\t\t\t\t<h2 class=\"elementor-heading-title elementor-size-default\">Contactez-nous pour savoir si votre devise est disponible dans notre agence<\/h2>\t\t\t\t<\/div>\n\t\t\t\t<\/div>\n\t\t\t\t<div class=\"elementor-element elementor-element-745459cd elementor-align-center elementor-widget elementor-widget-button\" data-id=\"745459cd\" data-element_type=\"widget\" data-e-type=\"widget\" data-widget_type=\"button.default\">\n\t\t\t\t<div class=\"elementor-widget-container\">\n\t\t\t\t\t\t\t\t\t<div class=\"elementor-button-wrapper\">\n\t\t\t\t\t<a class=\"elementor-button elementor-button-link elementor-size-sm\" href=\"https:\/\/godotetfils.com\/lausanne\/contact\/\" target=\"_blank\">\n\t\t\t\t\t\t<span class=\"elementor-button-content-wrapper\">\n\t\t\t\t\t\t\t\t\t<span class=\"elementor-button-text\">NOUS CONTACTER<\/span>\n\t\t\t\t\t<\/span>\n\t\t\t\t\t<\/a>\n\t\t\t\t<\/div>\n\t\t\t\t\t\t\t\t<\/div>\n\t\t\t\t<\/div>\n\t\t\t\t\t<\/div>\n\t\t\t\t<\/div>\n\t\t\t\t<\/div>\n\t\t","protected":false},"excerpt":{"rendered":"<p>Rachat de bijoux RACH\u00c8TE VOS BIJOUX Nous rachetons votre or en vrac, des bijoux trop ab\u00eem\u00e9s pour \u00eatre port\u00e9, des vieilles montres ou des services de table. https:\/\/youtu.be\/zY2D9rWei28 B\u00c9N\u00c9FICIEZ D\u2019UNE ESTIMATION GRATUITE Contactez-nous ou venez nous rencontrer directement en agence, avec ou sans rendez-vous. \u00a0 PRENDRE RENDEZ-VOUS Notre agence vous propose \u00e9galement le rachat de [&hellip;]<\/p>\n","protected":false},"author":1,"featured_media":0,"parent":0,"menu_order":0,"comment_status":"closed","ping_status":"closed","template":"elementor_header_footer","meta":{"_acf_changed":false,"footnotes":""},"class_list":["post-36","page","type-page","status-publish","hentry"],"acf":[],"yoast_head":"<!-- This site is optimized with the Yoast SEO plugin v23.9 - https:\/\/yoast.com\/wordpress\/plugins\/seo\/ -->\n<title>Rachat d&#039;or et vente de bijoux en or \u00e0 Lausanne - Godot &amp; Fils<\/title>\n<meta name=\"description\" content=\"A Lausanne, nous rachetons votre or en vrac, des bijoux en or trop ab\u00eem\u00e9s pour \u00eatre port\u00e9, des vieilles montres ou des services de table.\" \/>\n<meta name=\"robots\" content=\"index, follow, max-snippet:-1, max-image-preview:large, max-video-preview:-1\" \/>\n<link rel=\"canonical\" href=\"https:\/\/godotetfils.com\/lausanne\/rachat-de-bijoux\/\" \/>\n<meta property=\"og:locale\" content=\"fr_FR\" \/>\n<meta property=\"og:type\" content=\"article\" \/>\n<meta property=\"og:title\" content=\"Rachat d&#039;or et vente de bijoux en or \u00e0 Lausanne - Godot &amp; Fils\" \/>\n<meta property=\"og:description\" content=\"A Lausanne, nous rachetons votre or en vrac, des bijoux en or trop ab\u00eem\u00e9s pour \u00eatre port\u00e9, des vieilles montres ou des services de table.\" \/>\n<meta property=\"og:url\" content=\"https:\/\/godotetfils.com\/lausanne\/rachat-de-bijoux\/\" \/>\n<meta property=\"og:site_name\" content=\"Lausanne\" \/>\n<meta property=\"article:modified_time\" content=\"2024-11-22T08:59:25+00:00\" \/>\n<meta property=\"og:image\" content=\"https:\/\/godotetfils.com\/lausanne\/wp-content\/uploads\/sites\/151\/2024\/11\/colmar3-rotated-2.jpg\" \/>\n<meta name=\"twitter:card\" content=\"summary_large_image\" \/>\n<meta name=\"twitter:label1\" content=\"Dur\u00e9e de lecture estim\u00e9e\" \/>\n\t<meta name=\"twitter:data1\" content=\"2 minutes\" \/>\n<script type=\"application\/ld+json\" class=\"yoast-schema-graph\">{\"@context\":\"https:\/\/schema.org\",\"@graph\":[{\"@type\":\"WebPage\",\"@id\":\"https:\/\/godotetfils.com\/lausanne\/rachat-de-bijoux\/\",\"url\":\"https:\/\/godotetfils.com\/lausanne\/rachat-de-bijoux\/\",\"name\":\"Rachat d'or et vente de bijoux en or \u00e0 Lausanne - Godot & Fils\",\"isPartOf\":{\"@id\":\"https:\/\/godotetfils.com\/lausanne\/#website\"},\"primaryImageOfPage\":{\"@id\":\"https:\/\/godotetfils.com\/lausanne\/rachat-de-bijoux\/#primaryimage\"},\"image\":{\"@id\":\"https:\/\/godotetfils.com\/lausanne\/rachat-de-bijoux\/#primaryimage\"},\"thumbnailUrl\":\"https:\/\/godotetfils.com\/lausanne\/wp-content\/uploads\/sites\/151\/2024\/11\/colmar3-rotated-2.jpg\",\"datePublished\":\"2024-11-08T11:05:54+00:00\",\"dateModified\":\"2024-11-22T08:59:25+00:00\",\"description\":\"A Lausanne, nous rachetons votre or en vrac, des bijoux en or trop ab\u00eem\u00e9s pour \u00eatre port\u00e9, des vieilles montres ou des services de table.\",\"breadcrumb\":{\"@id\":\"https:\/\/godotetfils.com\/lausanne\/rachat-de-bijoux\/#breadcrumb\"},\"inLanguage\":\"fr-FR\",\"potentialAction\":[{\"@type\":\"ReadAction\",\"target\":[\"https:\/\/godotetfils.com\/lausanne\/rachat-de-bijoux\/\"]}]},{\"@type\":\"ImageObject\",\"inLanguage\":\"fr-FR\",\"@id\":\"https:\/\/godotetfils.com\/lausanne\/rachat-de-bijoux\/#primaryimage\",\"url\":\"https:\/\/godotetfils.com\/lausanne\/wp-content\/uploads\/sites\/151\/2024\/11\/colmar3-rotated-2.jpg\",\"contentUrl\":\"https:\/\/godotetfils.com\/lausanne\/wp-content\/uploads\/sites\/151\/2024\/11\/colmar3-rotated-2.jpg\",\"width\":591,\"height\":518},{\"@type\":\"BreadcrumbList\",\"@id\":\"https:\/\/godotetfils.com\/lausanne\/rachat-de-bijoux\/#breadcrumb\",\"itemListElement\":[{\"@type\":\"ListItem\",\"position\":1,\"name\":\"Accueil\",\"item\":\"https:\/\/godotetfils.com\/lausanne\/\"},{\"@type\":\"ListItem\",\"position\":2,\"name\":\"Rachat de bijoux\"}]},{\"@type\":\"WebSite\",\"@id\":\"https:\/\/godotetfils.com\/lausanne\/#website\",\"url\":\"https:\/\/godotetfils.com\/lausanne\/\",\"name\":\"Lausanne\",\"description\":\"\",\"publisher\":{\"@id\":\"https:\/\/godotetfils.com\/lausanne\/#organization\"},\"potentialAction\":[{\"@type\":\"SearchAction\",\"target\":{\"@type\":\"EntryPoint\",\"urlTemplate\":\"https:\/\/godotetfils.com\/lausanne\/?s={search_term_string}\"},\"query-input\":{\"@type\":\"PropertyValueSpecification\",\"valueRequired\":true,\"valueName\":\"search_term_string\"}}],\"inLanguage\":\"fr-FR\"},{\"@type\":\"Organization\",\"@id\":\"https:\/\/godotetfils.com\/lausanne\/#organization\",\"name\":\"Lausanne\",\"url\":\"https:\/\/godotetfils.com\/lausanne\/\",\"logo\":{\"@type\":\"ImageObject\",\"inLanguage\":\"fr-FR\",\"@id\":\"https:\/\/godotetfils.com\/lausanne\/#\/schema\/logo\/image\/\",\"url\":\"https:\/\/godotetfils.com\/lausanne\/wp-content\/uploads\/sites\/151\/2024\/11\/godot-et-fils-logo-noir-1.png\",\"contentUrl\":\"https:\/\/godotetfils.com\/lausanne\/wp-content\/uploads\/sites\/151\/2024\/11\/godot-et-fils-logo-noir-1.png\",\"width\":350,\"height\":72,\"caption\":\"Lausanne\"},\"image\":{\"@id\":\"https:\/\/godotetfils.com\/lausanne\/#\/schema\/logo\/image\/\"}}]}<\/script>\n<!-- \/ Yoast SEO plugin. -->","yoast_head_json":{"title":"Rachat d'or et vente de bijoux en or \u00e0 Lausanne - Godot & Fils","description":"A Lausanne, nous rachetons votre or en vrac, des bijoux en or trop ab\u00eem\u00e9s pour \u00eatre port\u00e9, des vieilles montres ou des services de table.","robots":{"index":"index","follow":"follow","max-snippet":"max-snippet:-1","max-image-preview":"max-image-preview:large","max-video-preview":"max-video-preview:-1"},"canonical":"https:\/\/godotetfils.com\/lausanne\/rachat-de-bijoux\/","og_locale":"fr_FR","og_type":"article","og_title":"Rachat d'or et vente de bijoux en or \u00e0 Lausanne - Godot & Fils","og_description":"A Lausanne, nous rachetons votre or en vrac, des bijoux en or trop ab\u00eem\u00e9s pour \u00eatre port\u00e9, des vieilles montres ou des services de table.","og_url":"https:\/\/godotetfils.com\/lausanne\/rachat-de-bijoux\/","og_site_name":"Lausanne","article_modified_time":"2024-11-22T08:59:25+00:00","og_image":[{"url":"https:\/\/godotetfils.com\/lausanne\/wp-content\/uploads\/sites\/151\/2024\/11\/colmar3-rotated-2.jpg"}],"twitter_card":"summary_large_image","twitter_misc":{"Dur\u00e9e de lecture estim\u00e9e":"2 minutes"},"schema":{"@context":"https:\/\/schema.org","@graph":[{"@type":"WebPage","@id":"https:\/\/godotetfils.com\/lausanne\/rachat-de-bijoux\/","url":"https:\/\/godotetfils.com\/lausanne\/rachat-de-bijoux\/","name":"Rachat d'or et vente de bijoux en or \u00e0 Lausanne - Godot & Fils","isPartOf":{"@id":"https:\/\/godotetfils.com\/lausanne\/#website"},"primaryImageOfPage":{"@id":"https:\/\/godotetfils.com\/lausanne\/rachat-de-bijoux\/#primaryimage"},"image":{"@id":"https:\/\/godotetfils.com\/lausanne\/rachat-de-bijoux\/#primaryimage"},"thumbnailUrl":"https:\/\/godotetfils.com\/lausanne\/wp-content\/uploads\/sites\/151\/2024\/11\/colmar3-rotated-2.jpg","datePublished":"2024-11-08T11:05:54+00:00","dateModified":"2024-11-22T08:59:25+00:00","description":"A Lausanne, nous rachetons votre or en vrac, des bijoux en or trop ab\u00eem\u00e9s pour \u00eatre port\u00e9, des vieilles montres ou des services de table.","breadcrumb":{"@id":"https:\/\/godotetfils.com\/lausanne\/rachat-de-bijoux\/#breadcrumb"},"inLanguage":"fr-FR","potentialAction":[{"@type":"ReadAction","target":["https:\/\/godotetfils.com\/lausanne\/rachat-de-bijoux\/"]}]},{"@type":"ImageObject","inLanguage":"fr-FR","@id":"https:\/\/godotetfils.com\/lausanne\/rachat-de-bijoux\/#primaryimage","url":"https:\/\/godotetfils.com\/lausanne\/wp-content\/uploads\/sites\/151\/2024\/11\/colmar3-rotated-2.jpg","contentUrl":"https:\/\/godotetfils.com\/lausanne\/wp-content\/uploads\/sites\/151\/2024\/11\/colmar3-rotated-2.jpg","width":591,"height":518},{"@type":"BreadcrumbList","@id":"https:\/\/godotetfils.com\/lausanne\/rachat-de-bijoux\/#breadcrumb","itemListElement":[{"@type":"ListItem","position":1,"name":"Accueil","item":"https:\/\/godotetfils.com\/lausanne\/"},{"@type":"ListItem","position":2,"name":"Rachat de bijoux"}]},{"@type":"WebSite","@id":"https:\/\/godotetfils.com\/lausanne\/#website","url":"https:\/\/godotetfils.com\/lausanne\/","name":"Lausanne","description":"","publisher":{"@id":"https:\/\/godotetfils.com\/lausanne\/#organization"},"potentialAction":[{"@type":"SearchAction","target":{"@type":"EntryPoint","urlTemplate":"https:\/\/godotetfils.com\/lausanne\/?s={search_term_string}"},"query-input":{"@type":"PropertyValueSpecification","valueRequired":true,"valueName":"search_term_string"}}],"inLanguage":"fr-FR"},{"@type":"Organization","@id":"https:\/\/godotetfils.com\/lausanne\/#organization","name":"Lausanne","url":"https:\/\/godotetfils.com\/lausanne\/","logo":{"@type":"ImageObject","inLanguage":"fr-FR","@id":"https:\/\/godotetfils.com\/lausanne\/#\/schema\/logo\/image\/","url":"https:\/\/godotetfils.com\/lausanne\/wp-content\/uploads\/sites\/151\/2024\/11\/godot-et-fils-logo-noir-1.png","contentUrl":"https:\/\/godotetfils.com\/lausanne\/wp-content\/uploads\/sites\/151\/2024\/11\/godot-et-fils-logo-noir-1.png","width":350,"height":72,"caption":"Lausanne"},"image":{"@id":"https:\/\/godotetfils.com\/lausanne\/#\/schema\/logo\/image\/"}}]}},"_links":{"self":[{"href":"https:\/\/godotetfils.com\/lausanne\/wp-json\/wp\/v2\/pages\/36","targetHints":{"allow":["GET"]}}],"collection":[{"href":"https:\/\/godotetfils.com\/lausanne\/wp-json\/wp\/v2\/pages"}],"about":[{"href":"https:\/\/godotetfils.com\/lausanne\/wp-json\/wp\/v2\/types\/page"}],"author":[{"embeddable":true,"href":"https:\/\/godotetfils.com\/lausanne\/wp-json\/wp\/v2\/users\/1"}],"replies":[{"embeddable":true,"href":"https:\/\/godotetfils.com\/lausanne\/wp-json\/wp\/v2\/comments?post=36"}],"version-history":[{"count":40,"href":"https:\/\/godotetfils.com\/lausanne\/wp-json\/wp\/v2\/pages\/36\/revisions"}],"predecessor-version":[{"id":1579,"href":"https:\/\/godotetfils.com\/lausanne\/wp-json\/wp\/v2\/pages\/36\/revisions\/1579"}],"wp:attachment":[{"href":"https:\/\/godotetfils.com\/lausanne\/wp-json\/wp\/v2\/media?parent=36"}],"curies":[{"name":"wp","href":"https:\/\/api.w.org\/{rel}","templated":true}]}}