{"id":31,"date":"2024-11-08T11:04:35","date_gmt":"2024-11-08T11:04:35","guid":{"rendered":"https:\/\/prod.godotetfils.com\/?page_id=31"},"modified":"2024-11-22T08:57:23","modified_gmt":"2024-11-22T08:57:23","slug":"change-de-devises","status":"publish","type":"page","link":"https:\/\/godotetfils.com\/valence\/change-de-devises\/","title":{"rendered":"Devises"},"content":{"rendered":"\t\t<div data-elementor-type=\"wp-page\" data-elementor-id=\"31\" class=\"elementor elementor-31\" data-elementor-post-type=\"page\">\n\t\t\t\t<div class=\"elementor-element elementor-element-14da34b6 e-flex e-con-boxed elementor-invisible e-con e-parent\" data-id=\"14da34b6\" data-element_type=\"container\" data-e-type=\"container\" data-settings=\"{&quot;background_background&quot;:&quot;classic&quot;,&quot;animation&quot;:&quot;fadeInDown&quot;}\">\n\t\t\t\t\t<div class=\"e-con-inner\">\n\t\t<div class=\"elementor-element elementor-element-3adcb494 e-grid e-con-full e-con e-child\" data-id=\"3adcb494\" data-element_type=\"container\" data-e-type=\"container\">\n\t\t\t\t<div class=\"elementor-element elementor-element-6742f092 elementor-widget elementor-widget-heading\" data-id=\"6742f092\" data-element_type=\"widget\" data-e-type=\"widget\" data-widget_type=\"heading.default\">\n\t\t\t\t<div class=\"elementor-widget-container\">\n\t\t\t\t\t<h1 class=\"elementor-heading-title elementor-size-default\">Change de devises\n<\/h1>\t\t\t\t<\/div>\n\t\t\t\t<\/div>\n\t\t\t\t<div class=\"elementor-element elementor-element-3c33bfd0 elementor-mobile-align-center elementor-widget elementor-widget-breadcrumbs\" data-id=\"3c33bfd0\" data-element_type=\"widget\" data-e-type=\"widget\" data-widget_type=\"breadcrumbs.default\">\n\t\t\t\t<div class=\"elementor-widget-container\">\n\t\t\t\t\t<p id=\"breadcrumbs\"><span><span><a href=\"https:\/\/godotetfils.com\/valence\/\">Accueil<\/a><\/span><\/span><\/p>\t\t\t\t<\/div>\n\t\t\t\t<\/div>\n\t\t\t\t<\/div>\n\t\t\t\t<div class=\"elementor-element elementor-element-6b7129a5 elementor-widget-divider--view-line elementor-widget elementor-widget-divider\" data-id=\"6b7129a5\" data-element_type=\"widget\" data-e-type=\"widget\" data-widget_type=\"divider.default\">\n\t\t\t\t<div class=\"elementor-widget-container\">\n\t\t\t\t\t\t\t<div class=\"elementor-divider\">\n\t\t\t<span class=\"elementor-divider-separator\">\n\t\t\t\t\t\t<\/span>\n\t\t<\/div>\n\t\t\t\t\t\t<\/div>\n\t\t\t\t<\/div>\n\t\t\t\t\t<\/div>\n\t\t\t\t<\/div>\n\t\t<div class=\"elementor-element elementor-element-6ca44814 e-flex e-con-boxed e-con e-parent\" data-id=\"6ca44814\" data-element_type=\"container\" data-e-type=\"container\">\n\t\t\t\t\t<div class=\"e-con-inner\">\n\t\t<div class=\"elementor-element elementor-element-6591b853 e-con-full e-flex elementor-invisible e-con e-child\" data-id=\"6591b853\" data-element_type=\"container\" data-e-type=\"container\" data-settings=\"{&quot;animation&quot;:&quot;fadeInLeft&quot;}\">\n\t\t\t\t<div class=\"elementor-element elementor-element-26ee06b7 elementor-widget elementor-widget-text-editor\" data-id=\"26ee06b7\" data-element_type=\"widget\" data-e-type=\"widget\" data-widget_type=\"text-editor.default\">\n\t\t\t\t<div class=\"elementor-widget-container\">\n\t\t\t\t\t\t\t\t\t<div class=\"page\" title=\"Page 2\"><div class=\"layoutArea\"><div class=\"column\"><p>Vous pr\u00e9parez un voyage a\u0300 l\u2019\u00e9tranger ? Venez consulter nos taux de change dans votre comptoir Godot situ\u00e9 au 26 rue Emile Augier 26000 Valence .<\/p><\/div><\/div><\/div>\t\t\t\t\t\t\t\t<\/div>\n\t\t\t\t<\/div>\n\t\t\t\t<div class=\"elementor-element elementor-element-2a2dbc7d elementor-hidden-tablet elementor-hidden-mobile elementor-widget elementor-widget-spacer\" data-id=\"2a2dbc7d\" data-element_type=\"widget\" data-e-type=\"widget\" data-widget_type=\"spacer.default\">\n\t\t\t\t<div class=\"elementor-widget-container\">\n\t\t\t\t\t\t\t<div class=\"elementor-spacer\">\n\t\t\t<div class=\"elementor-spacer-inner\"><\/div>\n\t\t<\/div>\n\t\t\t\t\t\t<\/div>\n\t\t\t\t<\/div>\n\t\t\t\t<div class=\"elementor-element elementor-element-513c853d elementor-widget elementor-widget-image\" data-id=\"513c853d\" data-element_type=\"widget\" data-e-type=\"widget\" data-widget_type=\"image.default\">\n\t\t\t\t<div class=\"elementor-widget-container\">\n\t\t\t\t\t\t\t\t\t\t\t\t\t\t\t<img fetchpriority=\"high\" decoding=\"async\" width=\"585\" height=\"390\" src=\"https:\/\/godotetfils.com\/valence\/wp-content\/uploads\/sites\/44\/2024\/11\/bureau-de-change-lemans-585x390-1.jpg\" class=\"attachment-large size-large wp-image-1039\" alt=\"\" srcset=\"https:\/\/godotetfils.com\/valence\/wp-content\/uploads\/sites\/44\/2024\/11\/bureau-de-change-lemans-585x390-1.jpg 585w, https:\/\/godotetfils.com\/valence\/wp-content\/uploads\/sites\/44\/2024\/11\/bureau-de-change-lemans-585x390-1-300x200.jpg 300w\" sizes=\"(max-width: 585px) 100vw, 585px\" \/>\t\t\t\t\t\t\t\t\t\t\t\t\t\t\t<\/div>\n\t\t\t\t<\/div>\n\t\t\t\t<\/div>\n\t\t<div class=\"elementor-element elementor-element-7f8b3feb e-con-full e-flex elementor-invisible e-con e-child\" data-id=\"7f8b3feb\" data-element_type=\"container\" data-e-type=\"container\" data-settings=\"{&quot;animation&quot;:&quot;fadeInRight&quot;}\">\n\t\t\t\t<div class=\"elementor-element elementor-element-1f67146d elementor-widget elementor-widget-image\" data-id=\"1f67146d\" data-element_type=\"widget\" data-e-type=\"widget\" data-widget_type=\"image.default\">\n\t\t\t\t<div class=\"elementor-widget-container\">\n\t\t\t\t\t\t\t\t\t\t\t\t\t\t\t<img decoding=\"async\" width=\"370\" height=\"245\" src=\"https:\/\/godotetfils.com\/valence\/wp-content\/uploads\/sites\/44\/2024\/11\/bureau-change-devises-godot-lemans.jpg\" class=\"attachment-large size-large wp-image-1038\" alt=\"\" srcset=\"https:\/\/godotetfils.com\/valence\/wp-content\/uploads\/sites\/44\/2024\/11\/bureau-change-devises-godot-lemans.jpg 370w, https:\/\/godotetfils.com\/valence\/wp-content\/uploads\/sites\/44\/2024\/11\/bureau-change-devises-godot-lemans-300x199.jpg 300w\" sizes=\"(max-width: 370px) 100vw, 370px\" \/>\t\t\t\t\t\t\t\t\t\t\t\t\t\t\t<\/div>\n\t\t\t\t<\/div>\n\t\t\t\t<div class=\"elementor-element elementor-element-6dd7678b elementor-widget elementor-widget-text-editor\" data-id=\"6dd7678b\" data-element_type=\"widget\" data-e-type=\"widget\" data-widget_type=\"text-editor.default\">\n\t\t\t\t<div class=\"elementor-widget-container\">\n\t\t\t\t\t\t\t\t\t<div class=\"page\" title=\"Page 5\"><div class=\"section\"><div class=\"layoutArea\"><div class=\"column\"><p>Ainsi, en plus de notre expertise en n\u00e9goce de m\u00e9taux pr\u00e9cieux, nous sommes \u00e9galement sp\u00e9cialis\u00e9 dans les services de change de devises. Que ce soit pour des raisons professionnelles ou personnelles, vous pourrez obtenir les devises courantes telles que les dollars, les livres ou les yens.<\/p><\/div><\/div><\/div><\/div><div class=\"page\" title=\"Page 6\"><div class=\"section\"><div class=\"layoutArea\"><div class=\"column\"><p>En plus des devises courantes, nous offrons aussi des devises exotiques comme les bahts tha\u00eflandais, les zlotys polonais et les roupies indiennes. Pour vous garantir la disponibilit\u00e9 de la devise d\u00e9sir\u00e9e, il est conseill\u00e9 de contacter le personnel du comptoir au num\u00e9ro 04 75 85 05 12.<\/p><p>Nous entretenons des liens professionnels avec les agences de voyage, les h\u00f4tels et d\u2019autres acteurs du tourisme, ce qui nous permet de facilement obtenir des devises en quantit\u00e9s souhait\u00e9es.<\/p><\/div><\/div><\/div><\/div>\t\t\t\t\t\t\t\t<\/div>\n\t\t\t\t<\/div>\n\t\t\t\t<\/div>\n\t\t\t\t\t<\/div>\n\t\t\t\t<\/div>\n\t\t<div class=\"elementor-element elementor-element-dddb02 e-flex e-con-boxed e-con e-parent\" data-id=\"dddb02\" data-element_type=\"container\" data-e-type=\"container\">\n\t\t\t\t\t<div class=\"e-con-inner\">\n\t\t\t\t<div class=\"elementor-element elementor-element-18096483 elementor-invisible elementor-widget elementor-widget-text-editor\" data-id=\"18096483\" data-element_type=\"widget\" data-e-type=\"widget\" data-settings=\"{&quot;_animation&quot;:&quot;fadeInUp&quot;}\" data-widget_type=\"text-editor.default\">\n\t\t\t\t<div class=\"elementor-widget-container\">\n\t\t\t\t\t\t\t\t\t<div class=\"wpb_content_element \"><div class=\"wpb_wrapper\"><div class=\"page\" title=\"Page 6\"><div class=\"section\"><div class=\"layoutArea\"><div class=\"column\"><p>En dernier lieu, pour garantir la transparence, nous voulons vous signaler qu\u2019il n\u2019y a aucuns co\u00fbts suppl\u00e9mentaires cach\u00e9s lors de nos transactions de change. De plus, nous offrons des tarifs avantageux pour l\u2019achat de grandes quantit\u00e9s. En outre, nous nous engageons \u00e0 racheter sans frais les devises non utilis\u00e9es apr\u00e8s un voyage<\/p><p>N\u2019h\u00e9sitez pas \u00e0 nous contacter au 04 75 85 05 12\u00a0pour plus d\u2019informations ou rendez-vous directement dans votre comptoir Godot &amp; Fils.<\/p><\/div><\/div><\/div><\/div><div id=\"s3gt_translate_tooltip_mini\" class=\"s3gt_translate_tooltip_mini_box\"><div id=\"s3gt_translate_tooltip_mini_copy\" class=\"s3gt_translate_tooltip_mini\" title=\"Copier le texte dans le presse-papiers\">Qu\u2019il s\u2019agisse de vous conseiller pour investir, de r\u00e9aliser le rachat ou la vente de produits Or \/ Argent \/ Palladium, vous trouverez en agence toute l\u2019expertise dont vous avez besoin pour effectuer une transaction en toute s\u00e9r\u00e9nit\u00e9 dans une maison de confiance.<\/div><\/div><\/div><\/div>\t\t\t\t\t\t\t\t<\/div>\n\t\t\t\t<\/div>\n\t\t\t\t\t<\/div>\n\t\t\t\t<\/div>\n\t\t<div class=\"elementor-element elementor-element-60843cf2 e-flex e-con-boxed elementor-invisible e-con e-parent\" data-id=\"60843cf2\" data-element_type=\"container\" data-e-type=\"container\" data-settings=\"{&quot;background_background&quot;:&quot;classic&quot;,&quot;animation&quot;:&quot;fadeInUp&quot;}\">\n\t\t\t\t\t<div class=\"e-con-inner\">\n\t\t\t\t<div class=\"elementor-element elementor-element-4dc62b3f elementor-invisible elementor-widget elementor-widget-heading\" data-id=\"4dc62b3f\" data-element_type=\"widget\" data-e-type=\"widget\" data-settings=\"{&quot;_animation&quot;:&quot;fadeInUp&quot;}\" data-widget_type=\"heading.default\">\n\t\t\t\t<div class=\"elementor-widget-container\">\n\t\t\t\t\t<h2 class=\"elementor-heading-title elementor-size-default\">Les taux de change aujourd\u2019hui chez GODOT &amp; FILS VALENCE<\/h2>\t\t\t\t<\/div>\n\t\t\t\t<\/div>\n\t\t\t\t<div class=\"elementor-element elementor-element-28f2faf8 elementor-widget elementor-widget-shortcode\" data-id=\"28f2faf8\" data-element_type=\"widget\" data-e-type=\"widget\" data-widget_type=\"shortcode.default\">\n\t\t\t\t<div class=\"elementor-widget-container\">\n\t\t\t\t\t\t\t<div class=\"elementor-shortcode\"><iframe class=\"resizeIframe\" src=\"https:\/\/v2.coursdelorendirect.fr\/slide-2386\" style=\"border:0px #ffffff none;text-align:center\" frameborder=\"1\" height=\"1918\" width=\"1078\" allowfullscreen><\/iframe>\r\n<\/div>\n\t\t\t\t\t\t<\/div>\n\t\t\t\t<\/div>\n\t\t\t\t\t<\/div>\n\t\t\t\t<\/div>\n\t\t<div class=\"elementor-element elementor-element-a7cf469 e-flex e-con-boxed elementor-invisible e-con e-parent\" data-id=\"a7cf469\" data-element_type=\"container\" data-e-type=\"container\" data-settings=\"{&quot;animation&quot;:&quot;fadeInUp&quot;}\">\n\t\t\t\t\t<div class=\"e-con-inner\">\n\t\t\t\t<div class=\"elementor-element elementor-element-757b19a9 elementor-widget elementor-widget-heading\" data-id=\"757b19a9\" data-element_type=\"widget\" data-e-type=\"widget\" data-widget_type=\"heading.default\">\n\t\t\t\t<div class=\"elementor-widget-container\">\n\t\t\t\t\t<h2 class=\"elementor-heading-title elementor-size-default\">Contactez-nous pour savoir si votre devise est disponible dans notre agence<\/h2>\t\t\t\t<\/div>\n\t\t\t\t<\/div>\n\t\t\t\t<div class=\"elementor-element elementor-element-b5125b3 elementor-align-center elementor-widget elementor-widget-button\" data-id=\"b5125b3\" data-element_type=\"widget\" data-e-type=\"widget\" data-widget_type=\"button.default\">\n\t\t\t\t<div class=\"elementor-widget-container\">\n\t\t\t\t\t\t\t\t\t<div class=\"elementor-button-wrapper\">\n\t\t\t\t\t<a class=\"elementor-button elementor-button-link elementor-size-sm\" href=\"https:\/\/godotetfils.com\/valence\/contact\/\" target=\"_blank\">\n\t\t\t\t\t\t<span class=\"elementor-button-content-wrapper\">\n\t\t\t\t\t\t\t\t\t<span class=\"elementor-button-text\">NOUS CONTACTER<\/span>\n\t\t\t\t\t<\/span>\n\t\t\t\t\t<\/a>\n\t\t\t\t<\/div>\n\t\t\t\t\t\t\t\t<\/div>\n\t\t\t\t<\/div>\n\t\t\t\t\t<\/div>\n\t\t\t\t<\/div>\n\t\t\t\t<\/div>\n\t\t","protected":false},"excerpt":{"rendered":"<p>Change de devises Vous pr\u00e9parez un voyage a\u0300 l\u2019\u00e9tranger ? Venez consulter nos taux de change dans votre comptoir Godot situ\u00e9 au . Ainsi, en plus de notre expertise en n\u00e9goce de m\u00e9taux pr\u00e9cieux, nous sommes \u00e9galement sp\u00e9cialis\u00e9 dans les services de change de devises. Que ce soit pour des raisons professionnelles ou personnelles, vous [&hellip;]<\/p>\n","protected":false},"author":1,"featured_media":0,"parent":0,"menu_order":0,"comment_status":"closed","ping_status":"closed","template":"elementor_header_footer","meta":{"_acf_changed":false,"footnotes":""},"class_list":["post-31","page","type-page","status-publish","hentry"],"acf":[],"yoast_head":"<!-- This site is optimized with the Yoast SEO plugin v23.9 - https:\/\/yoast.com\/wordpress\/plugins\/seo\/ -->\n<title>Devises et Taux de Change - Agence Godot &amp; Fils \u00e0 Valence<\/title>\n<meta name=\"description\" content=\"Consultez les taux de change en temps r\u00e9el pour vos devises et comparez les meilleures offres.\" \/>\n<meta name=\"robots\" content=\"index, follow, max-snippet:-1, max-image-preview:large, max-video-preview:-1\" \/>\n<link rel=\"canonical\" href=\"https:\/\/godotetfils.com\/valence\/change-de-devises\/\" \/>\n<meta property=\"og:locale\" content=\"fr_FR\" \/>\n<meta property=\"og:type\" content=\"article\" \/>\n<meta property=\"og:title\" content=\"Devises et Taux de Change - Agence Godot &amp; Fils \u00e0 Valence\" \/>\n<meta property=\"og:description\" content=\"Consultez les taux de change en temps r\u00e9el pour vos devises et comparez les meilleures offres.\" \/>\n<meta property=\"og:url\" content=\"https:\/\/godotetfils.com\/valence\/change-de-devises\/\" \/>\n<meta property=\"og:site_name\" content=\"Valence\" \/>\n<meta property=\"article:modified_time\" content=\"2024-11-22T08:57:23+00:00\" \/>\n<meta property=\"og:image\" content=\"https:\/\/godotetfils.com\/valence\/wp-content\/uploads\/sites\/44\/2024\/11\/bureau-de-change-lemans-585x390-1.jpg\" \/>\n\t<meta property=\"og:image:width\" content=\"585\" \/>\n\t<meta property=\"og:image:height\" content=\"390\" \/>\n\t<meta property=\"og:image:type\" content=\"image\/jpeg\" \/>\n<meta name=\"twitter:card\" content=\"summary_large_image\" \/>\n<meta name=\"twitter:label1\" content=\"Dur\u00e9e de lecture estim\u00e9e\" \/>\n\t<meta name=\"twitter:data1\" content=\"2 minutes\" \/>\n<script type=\"application\/ld+json\" class=\"yoast-schema-graph\">{\"@context\":\"https:\/\/schema.org\",\"@graph\":[{\"@type\":\"WebPage\",\"@id\":\"https:\/\/godotetfils.com\/valence\/change-de-devises\/\",\"url\":\"https:\/\/godotetfils.com\/valence\/change-de-devises\/\",\"name\":\"Devises et Taux de Change - Agence Godot & Fils \u00e0 Valence\",\"isPartOf\":{\"@id\":\"https:\/\/godotetfils.com\/valence\/#website\"},\"primaryImageOfPage\":{\"@id\":\"https:\/\/godotetfils.com\/valence\/change-de-devises\/#primaryimage\"},\"image\":{\"@id\":\"https:\/\/godotetfils.com\/valence\/change-de-devises\/#primaryimage\"},\"thumbnailUrl\":\"https:\/\/godotetfils.com\/valence\/wp-content\/uploads\/sites\/44\/2024\/11\/bureau-de-change-lemans-585x390-1.jpg\",\"datePublished\":\"2024-11-08T11:04:35+00:00\",\"dateModified\":\"2024-11-22T08:57:23+00:00\",\"description\":\"Consultez les taux de change en temps r\u00e9el pour vos devises et comparez les meilleures offres.\",\"breadcrumb\":{\"@id\":\"https:\/\/godotetfils.com\/valence\/change-de-devises\/#breadcrumb\"},\"inLanguage\":\"fr-FR\",\"potentialAction\":[{\"@type\":\"ReadAction\",\"target\":[\"https:\/\/godotetfils.com\/valence\/change-de-devises\/\"]}]},{\"@type\":\"ImageObject\",\"inLanguage\":\"fr-FR\",\"@id\":\"https:\/\/godotetfils.com\/valence\/change-de-devises\/#primaryimage\",\"url\":\"https:\/\/godotetfils.com\/valence\/wp-content\/uploads\/sites\/44\/2024\/11\/bureau-de-change-lemans-585x390-1.jpg\",\"contentUrl\":\"https:\/\/godotetfils.com\/valence\/wp-content\/uploads\/sites\/44\/2024\/11\/bureau-de-change-lemans-585x390-1.jpg\",\"width\":585,\"height\":390},{\"@type\":\"BreadcrumbList\",\"@id\":\"https:\/\/godotetfils.com\/valence\/change-de-devises\/#breadcrumb\",\"itemListElement\":[{\"@type\":\"ListItem\",\"position\":1,\"name\":\"Accueil\",\"item\":\"https:\/\/godotetfils.com\/valence\/\"},{\"@type\":\"ListItem\",\"position\":2,\"name\":\"Devises\"}]},{\"@type\":\"WebSite\",\"@id\":\"https:\/\/godotetfils.com\/valence\/#website\",\"url\":\"https:\/\/godotetfils.com\/valence\/\",\"name\":\"Valence\",\"description\":\"\",\"publisher\":{\"@id\":\"https:\/\/godotetfils.com\/valence\/#organization\"},\"potentialAction\":[{\"@type\":\"SearchAction\",\"target\":{\"@type\":\"EntryPoint\",\"urlTemplate\":\"https:\/\/godotetfils.com\/valence\/?s={search_term_string}\"},\"query-input\":{\"@type\":\"PropertyValueSpecification\",\"valueRequired\":true,\"valueName\":\"search_term_string\"}}],\"inLanguage\":\"fr-FR\"},{\"@type\":\"Organization\",\"@id\":\"https:\/\/godotetfils.com\/valence\/#organization\",\"name\":\"Valence\",\"url\":\"https:\/\/godotetfils.com\/valence\/\",\"logo\":{\"@type\":\"ImageObject\",\"inLanguage\":\"fr-FR\",\"@id\":\"https:\/\/godotetfils.com\/valence\/#\/schema\/logo\/image\/\",\"url\":\"https:\/\/godotetfils.com\/valence\/wp-content\/uploads\/sites\/44\/2024\/11\/godot-et-fils-logo-noir-1.png\",\"contentUrl\":\"https:\/\/godotetfils.com\/valence\/wp-content\/uploads\/sites\/44\/2024\/11\/godot-et-fils-logo-noir-1.png\",\"width\":350,\"height\":72,\"caption\":\"Valence\"},\"image\":{\"@id\":\"https:\/\/godotetfils.com\/valence\/#\/schema\/logo\/image\/\"}}]}<\/script>\n<!-- \/ Yoast SEO plugin. -->","yoast_head_json":{"title":"Devises et Taux de Change - Agence Godot & Fils \u00e0 Valence","description":"Consultez les taux de change en temps r\u00e9el pour vos devises et comparez les meilleures offres.","robots":{"index":"index","follow":"follow","max-snippet":"max-snippet:-1","max-image-preview":"max-image-preview:large","max-video-preview":"max-video-preview:-1"},"canonical":"https:\/\/godotetfils.com\/valence\/change-de-devises\/","og_locale":"fr_FR","og_type":"article","og_title":"Devises et Taux de Change - Agence Godot & Fils \u00e0 Valence","og_description":"Consultez les taux de change en temps r\u00e9el pour vos devises et comparez les meilleures offres.","og_url":"https:\/\/godotetfils.com\/valence\/change-de-devises\/","og_site_name":"Valence","article_modified_time":"2024-11-22T08:57:23+00:00","og_image":[{"width":585,"height":390,"url":"https:\/\/godotetfils.com\/valence\/wp-content\/uploads\/sites\/44\/2024\/11\/bureau-de-change-lemans-585x390-1.jpg","type":"image\/jpeg"}],"twitter_card":"summary_large_image","twitter_misc":{"Dur\u00e9e de lecture estim\u00e9e":"2 minutes"},"schema":{"@context":"https:\/\/schema.org","@graph":[{"@type":"WebPage","@id":"https:\/\/godotetfils.com\/valence\/change-de-devises\/","url":"https:\/\/godotetfils.com\/valence\/change-de-devises\/","name":"Devises et Taux de Change - Agence Godot & Fils \u00e0 Valence","isPartOf":{"@id":"https:\/\/godotetfils.com\/valence\/#website"},"primaryImageOfPage":{"@id":"https:\/\/godotetfils.com\/valence\/change-de-devises\/#primaryimage"},"image":{"@id":"https:\/\/godotetfils.com\/valence\/change-de-devises\/#primaryimage"},"thumbnailUrl":"https:\/\/godotetfils.com\/valence\/wp-content\/uploads\/sites\/44\/2024\/11\/bureau-de-change-lemans-585x390-1.jpg","datePublished":"2024-11-08T11:04:35+00:00","dateModified":"2024-11-22T08:57:23+00:00","description":"Consultez les taux de change en temps r\u00e9el pour vos devises et comparez les meilleures offres.","breadcrumb":{"@id":"https:\/\/godotetfils.com\/valence\/change-de-devises\/#breadcrumb"},"inLanguage":"fr-FR","potentialAction":[{"@type":"ReadAction","target":["https:\/\/godotetfils.com\/valence\/change-de-devises\/"]}]},{"@type":"ImageObject","inLanguage":"fr-FR","@id":"https:\/\/godotetfils.com\/valence\/change-de-devises\/#primaryimage","url":"https:\/\/godotetfils.com\/valence\/wp-content\/uploads\/sites\/44\/2024\/11\/bureau-de-change-lemans-585x390-1.jpg","contentUrl":"https:\/\/godotetfils.com\/valence\/wp-content\/uploads\/sites\/44\/2024\/11\/bureau-de-change-lemans-585x390-1.jpg","width":585,"height":390},{"@type":"BreadcrumbList","@id":"https:\/\/godotetfils.com\/valence\/change-de-devises\/#breadcrumb","itemListElement":[{"@type":"ListItem","position":1,"name":"Accueil","item":"https:\/\/godotetfils.com\/valence\/"},{"@type":"ListItem","position":2,"name":"Devises"}]},{"@type":"WebSite","@id":"https:\/\/godotetfils.com\/valence\/#website","url":"https:\/\/godotetfils.com\/valence\/","name":"Valence","description":"","publisher":{"@id":"https:\/\/godotetfils.com\/valence\/#organization"},"potentialAction":[{"@type":"SearchAction","target":{"@type":"EntryPoint","urlTemplate":"https:\/\/godotetfils.com\/valence\/?s={search_term_string}"},"query-input":{"@type":"PropertyValueSpecification","valueRequired":true,"valueName":"search_term_string"}}],"inLanguage":"fr-FR"},{"@type":"Organization","@id":"https:\/\/godotetfils.com\/valence\/#organization","name":"Valence","url":"https:\/\/godotetfils.com\/valence\/","logo":{"@type":"ImageObject","inLanguage":"fr-FR","@id":"https:\/\/godotetfils.com\/valence\/#\/schema\/logo\/image\/","url":"https:\/\/godotetfils.com\/valence\/wp-content\/uploads\/sites\/44\/2024\/11\/godot-et-fils-logo-noir-1.png","contentUrl":"https:\/\/godotetfils.com\/valence\/wp-content\/uploads\/sites\/44\/2024\/11\/godot-et-fils-logo-noir-1.png","width":350,"height":72,"caption":"Valence"},"image":{"@id":"https:\/\/godotetfils.com\/valence\/#\/schema\/logo\/image\/"}}]}},"_links":{"self":[{"href":"https:\/\/godotetfils.com\/valence\/wp-json\/wp\/v2\/pages\/31","targetHints":{"allow":["GET"]}}],"collection":[{"href":"https:\/\/godotetfils.com\/valence\/wp-json\/wp\/v2\/pages"}],"about":[{"href":"https:\/\/godotetfils.com\/valence\/wp-json\/wp\/v2\/types\/page"}],"author":[{"embeddable":true,"href":"https:\/\/godotetfils.com\/valence\/wp-json\/wp\/v2\/users\/1"}],"replies":[{"embeddable":true,"href":"https:\/\/godotetfils.com\/valence\/wp-json\/wp\/v2\/comments?post=31"}],"version-history":[{"count":25,"href":"https:\/\/godotetfils.com\/valence\/wp-json\/wp\/v2\/pages\/31\/revisions"}],"predecessor-version":[{"id":1579,"href":"https:\/\/godotetfils.com\/valence\/wp-json\/wp\/v2\/pages\/31\/revisions\/1579"}],"wp:attachment":[{"href":"https:\/\/godotetfils.com\/valence\/wp-json\/wp\/v2\/media?parent=31"}],"curies":[{"name":"wp","href":"https:\/\/api.w.org\/{rel}","templated":true}]}}